{"id":5521,"date":"2022-05-05T13:53:09","date_gmt":"2022-05-05T11:53:09","guid":{"rendered":"https:\/\/http:\/\/ecoutecancerreconfort.org\/a-few-words-from-the-president\/"},"modified":"2022-05-23T17:50:31","modified_gmt":"2022-05-23T15:50:31","slug":"a-few-words-from-the-president","status":"publish","type":"page","link":"https:\/\/ecoutecancerreconfort.org\/en\/lassociation\/a-few-words-from-the-president\/","title":{"rendered":"A few words from the President"},"content":{"rendered":"<p>&#8220;In 1992, Martine Vaccarezza, Mado Petit, Th\u00e9r\u00e8se Mencaraglia and Philippe Ballerio, under the Honorary Presidency of H.S.H. Princess St\u00e9phanie, set up the association &#8220;Ecoute Cancer R\u00e9confort&#8221; to offer help and comfort to cancer sufferers.<\/p>\n<p>Since then, thanks to a devoted team, members and volunteers alike, our association has striven continuously, so that patients and their families are able to find the support \u2013 both psychological and financial &#8211; they need.<\/p>\n<p>To reach our goal, in addition to our activities among patients, hospital visits, running a &#8221; wellness centre &#8221; and providing medical equipment, our association organises charity events and all types of recreational activities.<\/p>\n<p>Please join us in our efforts so that our association is able to carry out new projects and to improve the well-being of patients and their families further.<\/p>\n","protected":false},"excerpt":{"rendered":"<p>&#8220;In 1992, Martine Vaccarezza, Mado Petit, Th\u00e9r\u00e8se Mencaraglia and Philippe Ballerio, under the Honorary Presidency of H.S.H. Princess St\u00e9phanie, set up the association &#8220;Ecoute Cancer R\u00e9confort&#8221; to offer help and comfort to cancer sufferers. Since then, thanks to a devoted team, members and volunteers alike, our association has striven continuously, so that patients and their [&hellip;]<\/p>\n","protected":false},"author":1,"featured_media":5959,"parent":4143,"menu_order":13,"comment_status":"closed","ping_status":"closed","template":"","meta":{"_acf_changed":false,"footnotes":""},"class_list":["post-5521","page","type-page","status-publish","has-post-thumbnail","hentry"],"acf":[],"yoast_head":"<!-- This site is optimized with the Yoast SEO plugin v27.0 - https:\/\/yoast.com\/product\/yoast-seo-wordpress\/ -->\n<title>A few words from the President - Ecoute Cancer Reconfort<\/title>\n<meta name=\"robots\" content=\"index, follow, max-snippet:-1, max-image-preview:large, max-video-preview:-1\" \/>\n<link rel=\"canonical\" href=\"https:\/\/ecoutecancerreconfort.org\/en\/lassociation\/a-few-words-from-the-president\/\" \/>\n<meta property=\"og:locale\" content=\"en_US\" \/>\n<meta property=\"og:type\" content=\"article\" \/>\n<meta property=\"og:title\" content=\"A few words from the President - Ecoute Cancer Reconfort\" \/>\n<meta property=\"og:description\" content=\"&#8220;In 1992, Martine Vaccarezza, Mado Petit, Th\u00e9r\u00e8se Mencaraglia and Philippe Ballerio, under the Honorary Presidency of H.S.H. Princess St\u00e9phanie, set up the association &#8220;Ecoute Cancer R\u00e9confort&#8221; to offer help and comfort to cancer sufferers. Since then, thanks to a devoted team, members and volunteers alike, our association has striven continuously, so that patients and their [&hellip;]\" \/>\n<meta property=\"og:url\" content=\"https:\/\/ecoutecancerreconfort.org\/en\/lassociation\/a-few-words-from-the-president\/\" \/>\n<meta property=\"og:site_name\" content=\"Ecoute Cancer Reconfort\" \/>\n<meta property=\"article:modified_time\" content=\"2022-05-23T15:50:31+00:00\" \/>\n<meta property=\"og:image\" content=\"https:\/\/ecoutecancerreconfort.org\/wp-content\/uploads\/2022\/05\/valerire.jpg\" \/>\n\t<meta property=\"og:image:width\" content=\"966\" \/>\n\t<meta property=\"og:image:height\" content=\"656\" \/>\n\t<meta property=\"og:image:type\" content=\"image\/jpeg\" \/>\n<meta name=\"twitter:card\" content=\"summary_large_image\" \/>\n<meta name=\"twitter:label1\" content=\"Est. reading time\" \/>\n\t<meta name=\"twitter:data1\" content=\"1 minute\" \/>\n<script type=\"application\/ld+json\" class=\"yoast-schema-graph\">{\"@context\":\"https:\/\/schema.org\",\"@graph\":[{\"@type\":\"WebPage\",\"@id\":\"https:\/\/ecoutecancerreconfort.org\/en\/lassociation\/a-few-words-from-the-president\/\",\"url\":\"https:\/\/ecoutecancerreconfort.org\/en\/lassociation\/a-few-words-from-the-president\/\",\"name\":\"A few words from the President - Ecoute Cancer Reconfort\",\"isPartOf\":{\"@id\":\"https:\/\/ecoutecancerreconfort.org\/en\/#website\"},\"primaryImageOfPage\":{\"@id\":\"https:\/\/ecoutecancerreconfort.org\/en\/lassociation\/a-few-words-from-the-president\/#primaryimage\"},\"image\":{\"@id\":\"https:\/\/ecoutecancerreconfort.org\/en\/lassociation\/a-few-words-from-the-president\/#primaryimage\"},\"thumbnailUrl\":\"https:\/\/ecoutecancerreconfort.org\/wp-content\/uploads\/2022\/05\/valerire.jpg\",\"datePublished\":\"2022-05-05T11:53:09+00:00\",\"dateModified\":\"2022-05-23T15:50:31+00:00\",\"breadcrumb\":{\"@id\":\"https:\/\/ecoutecancerreconfort.org\/en\/lassociation\/a-few-words-from-the-president\/#breadcrumb\"},\"inLanguage\":\"en-US\",\"potentialAction\":[{\"@type\":\"ReadAction\",\"target\":[\"https:\/\/ecoutecancerreconfort.org\/en\/lassociation\/a-few-words-from-the-president\/\"]}]},{\"@type\":\"ImageObject\",\"inLanguage\":\"en-US\",\"@id\":\"https:\/\/ecoutecancerreconfort.org\/en\/lassociation\/a-few-words-from-the-president\/#primaryimage\",\"url\":\"https:\/\/ecoutecancerreconfort.org\/wp-content\/uploads\/2022\/05\/valerire.jpg\",\"contentUrl\":\"https:\/\/ecoutecancerreconfort.org\/wp-content\/uploads\/2022\/05\/valerire.jpg\",\"width\":966,\"height\":656},{\"@type\":\"BreadcrumbList\",\"@id\":\"https:\/\/ecoutecancerreconfort.org\/en\/lassociation\/a-few-words-from-the-president\/#breadcrumb\",\"itemListElement\":[{\"@type\":\"ListItem\",\"position\":1,\"name\":\"Accueil\",\"item\":\"https:\/\/ecoutecancerreconfort.org\/en\/\"},{\"@type\":\"ListItem\",\"position\":2,\"name\":\"The Association\",\"item\":\"https:\/\/ecoutecancerreconfort.org\/en\/lassociation\/\"},{\"@type\":\"ListItem\",\"position\":3,\"name\":\"A few words from the President\"}]},{\"@type\":\"WebSite\",\"@id\":\"https:\/\/ecoutecancerreconfort.org\/en\/#website\",\"url\":\"https:\/\/ecoutecancerreconfort.org\/en\/\",\"name\":\"Ecoute Cancer Reconfort\",\"description\":\"\",\"potentialAction\":[{\"@type\":\"SearchAction\",\"target\":{\"@type\":\"EntryPoint\",\"urlTemplate\":\"https:\/\/ecoutecancerreconfort.org\/en\/?s={search_term_string}\"},\"query-input\":{\"@type\":\"PropertyValueSpecification\",\"valueRequired\":true,\"valueName\":\"search_term_string\"}}],\"inLanguage\":\"en-US\"}]}<\/script>\n<!-- \/ Yoast SEO plugin. -->","yoast_head_json":{"title":"A few words from the President - Ecoute Cancer Reconfort","robots":{"index":"index","follow":"follow","max-snippet":"max-snippet:-1","max-image-preview":"max-image-preview:large","max-video-preview":"max-video-preview:-1"},"canonical":"https:\/\/ecoutecancerreconfort.org\/en\/lassociation\/a-few-words-from-the-president\/","og_locale":"en_US","og_type":"article","og_title":"A few words from the President - Ecoute Cancer Reconfort","og_description":"&#8220;In 1992, Martine Vaccarezza, Mado Petit, Th\u00e9r\u00e8se Mencaraglia and Philippe Ballerio, under the Honorary Presidency of H.S.H. Princess St\u00e9phanie, set up the association &#8220;Ecoute Cancer R\u00e9confort&#8221; to offer help and comfort to cancer sufferers. Since then, thanks to a devoted team, members and volunteers alike, our association has striven continuously, so that patients and their [&hellip;]","og_url":"https:\/\/ecoutecancerreconfort.org\/en\/lassociation\/a-few-words-from-the-president\/","og_site_name":"Ecoute Cancer Reconfort","article_modified_time":"2022-05-23T15:50:31+00:00","og_image":[{"width":966,"height":656,"url":"https:\/\/ecoutecancerreconfort.org\/wp-content\/uploads\/2022\/05\/valerire.jpg","type":"image\/jpeg"}],"twitter_card":"summary_large_image","twitter_misc":{"Est. reading time":"1 minute"},"schema":{"@context":"https:\/\/schema.org","@graph":[{"@type":"WebPage","@id":"https:\/\/ecoutecancerreconfort.org\/en\/lassociation\/a-few-words-from-the-president\/","url":"https:\/\/ecoutecancerreconfort.org\/en\/lassociation\/a-few-words-from-the-president\/","name":"A few words from the President - Ecoute Cancer Reconfort","isPartOf":{"@id":"https:\/\/ecoutecancerreconfort.org\/en\/#website"},"primaryImageOfPage":{"@id":"https:\/\/ecoutecancerreconfort.org\/en\/lassociation\/a-few-words-from-the-president\/#primaryimage"},"image":{"@id":"https:\/\/ecoutecancerreconfort.org\/en\/lassociation\/a-few-words-from-the-president\/#primaryimage"},"thumbnailUrl":"https:\/\/ecoutecancerreconfort.org\/wp-content\/uploads\/2022\/05\/valerire.jpg","datePublished":"2022-05-05T11:53:09+00:00","dateModified":"2022-05-23T15:50:31+00:00","breadcrumb":{"@id":"https:\/\/ecoutecancerreconfort.org\/en\/lassociation\/a-few-words-from-the-president\/#breadcrumb"},"inLanguage":"en-US","potentialAction":[{"@type":"ReadAction","target":["https:\/\/ecoutecancerreconfort.org\/en\/lassociation\/a-few-words-from-the-president\/"]}]},{"@type":"ImageObject","inLanguage":"en-US","@id":"https:\/\/ecoutecancerreconfort.org\/en\/lassociation\/a-few-words-from-the-president\/#primaryimage","url":"https:\/\/ecoutecancerreconfort.org\/wp-content\/uploads\/2022\/05\/valerire.jpg","contentUrl":"https:\/\/ecoutecancerreconfort.org\/wp-content\/uploads\/2022\/05\/valerire.jpg","width":966,"height":656},{"@type":"BreadcrumbList","@id":"https:\/\/ecoutecancerreconfort.org\/en\/lassociation\/a-few-words-from-the-president\/#breadcrumb","itemListElement":[{"@type":"ListItem","position":1,"name":"Accueil","item":"https:\/\/ecoutecancerreconfort.org\/en\/"},{"@type":"ListItem","position":2,"name":"The Association","item":"https:\/\/ecoutecancerreconfort.org\/en\/lassociation\/"},{"@type":"ListItem","position":3,"name":"A few words from the President"}]},{"@type":"WebSite","@id":"https:\/\/ecoutecancerreconfort.org\/en\/#website","url":"https:\/\/ecoutecancerreconfort.org\/en\/","name":"Ecoute Cancer Reconfort","description":"","potentialAction":[{"@type":"SearchAction","target":{"@type":"EntryPoint","urlTemplate":"https:\/\/ecoutecancerreconfort.org\/en\/?s={search_term_string}"},"query-input":{"@type":"PropertyValueSpecification","valueRequired":true,"valueName":"search_term_string"}}],"inLanguage":"en-US"}]}},"jetpack_sharing_enabled":true,"_links":{"self":[{"href":"https:\/\/ecoutecancerreconfort.org\/en\/wp-json\/wp\/v2\/pages\/5521","targetHints":{"allow":["GET"]}}],"collection":[{"href":"https:\/\/ecoutecancerreconfort.org\/en\/wp-json\/wp\/v2\/pages"}],"about":[{"href":"https:\/\/ecoutecancerreconfort.org\/en\/wp-json\/wp\/v2\/types\/page"}],"author":[{"embeddable":true,"href":"https:\/\/ecoutecancerreconfort.org\/en\/wp-json\/wp\/v2\/users\/1"}],"replies":[{"embeddable":true,"href":"https:\/\/ecoutecancerreconfort.org\/en\/wp-json\/wp\/v2\/comments?post=5521"}],"version-history":[{"count":4,"href":"https:\/\/ecoutecancerreconfort.org\/en\/wp-json\/wp\/v2\/pages\/5521\/revisions"}],"predecessor-version":[{"id":5969,"href":"https:\/\/ecoutecancerreconfort.org\/en\/wp-json\/wp\/v2\/pages\/5521\/revisions\/5969"}],"up":[{"embeddable":true,"href":"https:\/\/ecoutecancerreconfort.org\/en\/wp-json\/wp\/v2\/pages\/4143"}],"wp:featuredmedia":[{"embeddable":true,"href":"https:\/\/ecoutecancerreconfort.org\/en\/wp-json\/wp\/v2\/media\/5959"}],"wp:attachment":[{"href":"https:\/\/ecoutecancerreconfort.org\/en\/wp-json\/wp\/v2\/media?parent=5521"}],"curies":[{"name":"wp","href":"https:\/\/api.w.org\/{rel}","templated":true}]}}