{"id":5529,"date":"2022-05-05T13:57:29","date_gmt":"2022-05-05T11:57:29","guid":{"rendered":"https:\/\/http:\/\/ecoutecancerreconfort.org\/qui-sommes-nous\/"},"modified":"2025-05-09T08:03:01","modified_gmt":"2025-05-09T06:03:01","slug":"qui-sommes-nous","status":"publish","type":"page","link":"https:\/\/ecoutecancerreconfort.org\/en\/lassociation\/qui-sommes-nous\/","title":{"rendered":"Who we are"},"content":{"rendered":"<p>Created in 1992 by Martine Vaccarezza, Mado Petit, Th\u00e9r\u00e8se Mencaraglia and Philippe Ball\u00e9rio, under the Honorary Presidency of H.S.H. Princess St\u00e9phanie, the Association Ecoute Cancer R\u00e9confort has set itself the following goal :<\/p>\n<p>&#8220;To provide help and comfort to individuals who have suffered or are suffering from cancer, using the most adapted and appropriate measures.&#8221;<\/p>\n<p>We strive to achieve this goal by:<\/p>\n<ul>\n<li>Listening to patients staying at the day hospital of the Princess Grace Hospital, via a team of support volunteers,<\/li>\n<li>A warm and friendly community life:<\/li>\n<\/ul>\n<p>Since 2009 the association opened a community centre&#8221;l&#8217;Espace Mieux-Etre&#8221; dedicated to the well-being of cancer sufferers- a warm and welcoming environment where they can meet others, receive support and enjoy various activities, enabling them to regain energy, cope with the disease and escape from isolation. The centre does not provide medical care but is a place where visitors can meet others, share experiences and enjoy a chat. The centre provides socio-aesthetic services, nutritional advice, a relaxation area, social support&#8230;<\/p>\n<p>Outings to the countryside to enjoy a walk and to unwind,<br \/>\nperiodic activities to help combat cancer, information sessions geared towards the general public.<\/p>\n<p><a href=\"https:\/\/http:\/\/ecoutecancerreconfort.org\/en\/our-wellness-centre\/\">Discover our Espace Mieux-\u00catre<\/a><\/p>\n","protected":false},"excerpt":{"rendered":"<p>Created in 1992 by Martine Vaccarezza, Mado Petit, Th\u00e9r\u00e8se Mencaraglia and Philippe Ball\u00e9rio, under the Honorary Presidency of H.S.H. Princess St\u00e9phanie, the Association Ecoute Cancer R\u00e9confort has set itself the following goal : &#8220;To provide help and comfort to individuals who have suffered or are suffering from cancer, using the most adapted and appropriate measures.&#8221; [&hellip;]<\/p>\n","protected":false},"author":1,"featured_media":6481,"parent":4143,"menu_order":15,"comment_status":"closed","ping_status":"closed","template":"","meta":{"_acf_changed":false,"footnotes":""},"class_list":["post-5529","page","type-page","status-publish","has-post-thumbnail","hentry"],"acf":[],"yoast_head":"<!-- This site is optimized with the Yoast SEO plugin v27.0 - https:\/\/yoast.com\/product\/yoast-seo-wordpress\/ -->\n<title>Who we are - Ecoute Cancer Reconfort<\/title>\n<meta name=\"robots\" content=\"index, follow, max-snippet:-1, max-image-preview:large, max-video-preview:-1\" \/>\n<link rel=\"canonical\" href=\"https:\/\/ecoutecancerreconfort.org\/en\/lassociation\/qui-sommes-nous\/\" \/>\n<meta property=\"og:locale\" content=\"en_US\" \/>\n<meta property=\"og:type\" content=\"article\" \/>\n<meta property=\"og:title\" content=\"Who we are - Ecoute Cancer Reconfort\" \/>\n<meta property=\"og:description\" content=\"Created in 1992 by Martine Vaccarezza, Mado Petit, Th\u00e9r\u00e8se Mencaraglia and Philippe Ball\u00e9rio, under the Honorary Presidency of H.S.H. Princess St\u00e9phanie, the Association Ecoute Cancer R\u00e9confort has set itself the following goal : &#8220;To provide help and comfort to individuals who have suffered or are suffering from cancer, using the most adapted and appropriate measures.&#8221; [&hellip;]\" \/>\n<meta property=\"og:url\" content=\"https:\/\/ecoutecancerreconfort.org\/en\/lassociation\/qui-sommes-nous\/\" \/>\n<meta property=\"og:site_name\" content=\"Ecoute Cancer Reconfort\" \/>\n<meta property=\"article:modified_time\" content=\"2025-05-09T06:03:01+00:00\" \/>\n<meta property=\"og:image\" content=\"https:\/\/ecoutecancerreconfort.org\/wp-content\/uploads\/2022\/10\/qui-nous-sommes.jpg\" \/>\n\t<meta property=\"og:image:width\" content=\"1500\" \/>\n\t<meta property=\"og:image:height\" content=\"706\" \/>\n\t<meta property=\"og:image:type\" content=\"image\/jpeg\" \/>\n<meta name=\"twitter:card\" content=\"summary_large_image\" \/>\n<meta name=\"twitter:label1\" content=\"Est. reading time\" \/>\n\t<meta name=\"twitter:data1\" content=\"2 minutes\" \/>\n<script type=\"application\/ld+json\" class=\"yoast-schema-graph\">{\"@context\":\"https:\/\/schema.org\",\"@graph\":[{\"@type\":\"WebPage\",\"@id\":\"https:\/\/ecoutecancerreconfort.org\/en\/lassociation\/qui-sommes-nous\/\",\"url\":\"https:\/\/ecoutecancerreconfort.org\/en\/lassociation\/qui-sommes-nous\/\",\"name\":\"Who we are - Ecoute Cancer Reconfort\",\"isPartOf\":{\"@id\":\"https:\/\/ecoutecancerreconfort.org\/en\/#website\"},\"primaryImageOfPage\":{\"@id\":\"https:\/\/ecoutecancerreconfort.org\/en\/lassociation\/qui-sommes-nous\/#primaryimage\"},\"image\":{\"@id\":\"https:\/\/ecoutecancerreconfort.org\/en\/lassociation\/qui-sommes-nous\/#primaryimage\"},\"thumbnailUrl\":\"https:\/\/ecoutecancerreconfort.org\/wp-content\/uploads\/2022\/10\/qui-nous-sommes.jpg\",\"datePublished\":\"2022-05-05T11:57:29+00:00\",\"dateModified\":\"2025-05-09T06:03:01+00:00\",\"breadcrumb\":{\"@id\":\"https:\/\/ecoutecancerreconfort.org\/en\/lassociation\/qui-sommes-nous\/#breadcrumb\"},\"inLanguage\":\"en-US\",\"potentialAction\":[{\"@type\":\"ReadAction\",\"target\":[\"https:\/\/ecoutecancerreconfort.org\/en\/lassociation\/qui-sommes-nous\/\"]}]},{\"@type\":\"ImageObject\",\"inLanguage\":\"en-US\",\"@id\":\"https:\/\/ecoutecancerreconfort.org\/en\/lassociation\/qui-sommes-nous\/#primaryimage\",\"url\":\"https:\/\/ecoutecancerreconfort.org\/wp-content\/uploads\/2022\/10\/qui-nous-sommes.jpg\",\"contentUrl\":\"https:\/\/ecoutecancerreconfort.org\/wp-content\/uploads\/2022\/10\/qui-nous-sommes.jpg\",\"width\":1500,\"height\":706},{\"@type\":\"BreadcrumbList\",\"@id\":\"https:\/\/ecoutecancerreconfort.org\/en\/lassociation\/qui-sommes-nous\/#breadcrumb\",\"itemListElement\":[{\"@type\":\"ListItem\",\"position\":1,\"name\":\"Accueil\",\"item\":\"https:\/\/ecoutecancerreconfort.org\/en\/\"},{\"@type\":\"ListItem\",\"position\":2,\"name\":\"The Association\",\"item\":\"https:\/\/ecoutecancerreconfort.org\/en\/lassociation\/\"},{\"@type\":\"ListItem\",\"position\":3,\"name\":\"Who we are\"}]},{\"@type\":\"WebSite\",\"@id\":\"https:\/\/ecoutecancerreconfort.org\/en\/#website\",\"url\":\"https:\/\/ecoutecancerreconfort.org\/en\/\",\"name\":\"Ecoute Cancer Reconfort\",\"description\":\"\",\"potentialAction\":[{\"@type\":\"SearchAction\",\"target\":{\"@type\":\"EntryPoint\",\"urlTemplate\":\"https:\/\/ecoutecancerreconfort.org\/en\/?s={search_term_string}\"},\"query-input\":{\"@type\":\"PropertyValueSpecification\",\"valueRequired\":true,\"valueName\":\"search_term_string\"}}],\"inLanguage\":\"en-US\"}]}<\/script>\n<!-- \/ Yoast SEO plugin. -->","yoast_head_json":{"title":"Who we are - Ecoute Cancer Reconfort","robots":{"index":"index","follow":"follow","max-snippet":"max-snippet:-1","max-image-preview":"max-image-preview:large","max-video-preview":"max-video-preview:-1"},"canonical":"https:\/\/ecoutecancerreconfort.org\/en\/lassociation\/qui-sommes-nous\/","og_locale":"en_US","og_type":"article","og_title":"Who we are - Ecoute Cancer Reconfort","og_description":"Created in 1992 by Martine Vaccarezza, Mado Petit, Th\u00e9r\u00e8se Mencaraglia and Philippe Ball\u00e9rio, under the Honorary Presidency of H.S.H. Princess St\u00e9phanie, the Association Ecoute Cancer R\u00e9confort has set itself the following goal : &#8220;To provide help and comfort to individuals who have suffered or are suffering from cancer, using the most adapted and appropriate measures.&#8221; [&hellip;]","og_url":"https:\/\/ecoutecancerreconfort.org\/en\/lassociation\/qui-sommes-nous\/","og_site_name":"Ecoute Cancer Reconfort","article_modified_time":"2025-05-09T06:03:01+00:00","og_image":[{"width":1500,"height":706,"url":"https:\/\/ecoutecancerreconfort.org\/wp-content\/uploads\/2022\/10\/qui-nous-sommes.jpg","type":"image\/jpeg"}],"twitter_card":"summary_large_image","twitter_misc":{"Est. reading time":"2 minutes"},"schema":{"@context":"https:\/\/schema.org","@graph":[{"@type":"WebPage","@id":"https:\/\/ecoutecancerreconfort.org\/en\/lassociation\/qui-sommes-nous\/","url":"https:\/\/ecoutecancerreconfort.org\/en\/lassociation\/qui-sommes-nous\/","name":"Who we are - Ecoute Cancer Reconfort","isPartOf":{"@id":"https:\/\/ecoutecancerreconfort.org\/en\/#website"},"primaryImageOfPage":{"@id":"https:\/\/ecoutecancerreconfort.org\/en\/lassociation\/qui-sommes-nous\/#primaryimage"},"image":{"@id":"https:\/\/ecoutecancerreconfort.org\/en\/lassociation\/qui-sommes-nous\/#primaryimage"},"thumbnailUrl":"https:\/\/ecoutecancerreconfort.org\/wp-content\/uploads\/2022\/10\/qui-nous-sommes.jpg","datePublished":"2022-05-05T11:57:29+00:00","dateModified":"2025-05-09T06:03:01+00:00","breadcrumb":{"@id":"https:\/\/ecoutecancerreconfort.org\/en\/lassociation\/qui-sommes-nous\/#breadcrumb"},"inLanguage":"en-US","potentialAction":[{"@type":"ReadAction","target":["https:\/\/ecoutecancerreconfort.org\/en\/lassociation\/qui-sommes-nous\/"]}]},{"@type":"ImageObject","inLanguage":"en-US","@id":"https:\/\/ecoutecancerreconfort.org\/en\/lassociation\/qui-sommes-nous\/#primaryimage","url":"https:\/\/ecoutecancerreconfort.org\/wp-content\/uploads\/2022\/10\/qui-nous-sommes.jpg","contentUrl":"https:\/\/ecoutecancerreconfort.org\/wp-content\/uploads\/2022\/10\/qui-nous-sommes.jpg","width":1500,"height":706},{"@type":"BreadcrumbList","@id":"https:\/\/ecoutecancerreconfort.org\/en\/lassociation\/qui-sommes-nous\/#breadcrumb","itemListElement":[{"@type":"ListItem","position":1,"name":"Accueil","item":"https:\/\/ecoutecancerreconfort.org\/en\/"},{"@type":"ListItem","position":2,"name":"The Association","item":"https:\/\/ecoutecancerreconfort.org\/en\/lassociation\/"},{"@type":"ListItem","position":3,"name":"Who we are"}]},{"@type":"WebSite","@id":"https:\/\/ecoutecancerreconfort.org\/en\/#website","url":"https:\/\/ecoutecancerreconfort.org\/en\/","name":"Ecoute Cancer Reconfort","description":"","potentialAction":[{"@type":"SearchAction","target":{"@type":"EntryPoint","urlTemplate":"https:\/\/ecoutecancerreconfort.org\/en\/?s={search_term_string}"},"query-input":{"@type":"PropertyValueSpecification","valueRequired":true,"valueName":"search_term_string"}}],"inLanguage":"en-US"}]}},"jetpack_sharing_enabled":true,"_links":{"self":[{"href":"https:\/\/ecoutecancerreconfort.org\/en\/wp-json\/wp\/v2\/pages\/5529","targetHints":{"allow":["GET"]}}],"collection":[{"href":"https:\/\/ecoutecancerreconfort.org\/en\/wp-json\/wp\/v2\/pages"}],"about":[{"href":"https:\/\/ecoutecancerreconfort.org\/en\/wp-json\/wp\/v2\/types\/page"}],"author":[{"embeddable":true,"href":"https:\/\/ecoutecancerreconfort.org\/en\/wp-json\/wp\/v2\/users\/1"}],"replies":[{"embeddable":true,"href":"https:\/\/ecoutecancerreconfort.org\/en\/wp-json\/wp\/v2\/comments?post=5529"}],"version-history":[{"count":4,"href":"https:\/\/ecoutecancerreconfort.org\/en\/wp-json\/wp\/v2\/pages\/5529\/revisions"}],"predecessor-version":[{"id":8320,"href":"https:\/\/ecoutecancerreconfort.org\/en\/wp-json\/wp\/v2\/pages\/5529\/revisions\/8320"}],"up":[{"embeddable":true,"href":"https:\/\/ecoutecancerreconfort.org\/en\/wp-json\/wp\/v2\/pages\/4143"}],"wp:featuredmedia":[{"embeddable":true,"href":"https:\/\/ecoutecancerreconfort.org\/en\/wp-json\/wp\/v2\/media\/6481"}],"wp:attachment":[{"href":"https:\/\/ecoutecancerreconfort.org\/en\/wp-json\/wp\/v2\/media?parent=5529"}],"curies":[{"name":"wp","href":"https:\/\/api.w.org\/{rel}","templated":true}]}}