{"id":5530,"date":"2022-05-05T13:57:29","date_gmt":"2022-05-05T11:57:29","guid":{"rendered":"https:\/\/http:\/\/ecoutecancerreconfort.org\/qui-sommes-nous\/"},"modified":"2025-05-09T08:02:28","modified_gmt":"2025-05-09T06:02:28","slug":"qui-sommes-nous","status":"publish","type":"page","link":"https:\/\/ecoutecancerreconfort.org\/it\/lassociation\/qui-sommes-nous\/","title":{"rendered":"Chi Siamo"},"content":{"rendered":"<p>L\u2019Associazione Ecoute Cancer R\u00e9confort \u00e8 stata fondata nel 1992 da Martine Vaccarezza, Mado Petit, Th\u00e9r\u00e8se Mencaraglia, Philippe Ball\u00e9rio, sotto la Presidenza d\u2019Onore di Sua Altezza Serenissima La Principessa Stefania di Monaco e si \u00e8 fissata come obiettivo :<\/p>\n<p>\u00ab con i mezzi pi\u00f9 adatti ed appropriati, di portare aiuto e conforto alle persone che sono state o sono colpite da cancro. \u00bb<\/p>\n<p>Quest\u2019obiettivo si traduce con :<\/p>\n<ul>\n<li>\n<div>L\u2019ascolto dei degenti curati all\u2019ospedale diurno del centro ospedaliero Principessa Grace ,ascolto effettuato da una squadra di volontari di sostegno,<\/div>\n<\/li>\n<\/ul>\n<ul>\n<li>\n<div>Una vita associativa calorosa :<\/div>\n<\/li>\n<\/ul>\n<p>con le riunioni mensili il terzo lunedi di ogni mese nei locali dell\u2019Associazione dalle ore 17 alle ore 19 con una collazione servita. E\u2019 un momento dolce,festivo e conviviale per ogni partecipante. Delle gite campestri con belle passeggiate e relax delle visite guidate in autobus seguite da un pranzo e un pomeriggio danzante prima del ritorno verso Monaco.<\/p>\n<p>Delle azioni puntuali di partecipazione alla lotta contro il cancro<br \/>\nL&#8217;organizzazione di conferenze d\u2019informazione per il grande pubblico<br \/>\n<a href=\"https:\/\/http:\/\/ecoutecancerreconfort.org\/it\/nostroespace-mieux-etre\/\">Nostro espace Mieux-\u00catre<\/a><\/p>\n","protected":false},"excerpt":{"rendered":"<p>L\u2019Associazione Ecoute Cancer R\u00e9confort \u00e8 stata fondata nel 1992 da Martine Vaccarezza, Mado Petit, Th\u00e9r\u00e8se Mencaraglia, Philippe Ball\u00e9rio, sotto la Presidenza d\u2019Onore di Sua Altezza Serenissima La Principessa Stefania di Monaco e si \u00e8 fissata come obiettivo : \u00ab con i mezzi pi\u00f9 adatti ed appropriati, di portare aiuto e conforto alle persone che sono [&hellip;]<\/p>\n","protected":false},"author":1,"featured_media":6482,"parent":4144,"menu_order":17,"comment_status":"closed","ping_status":"closed","template":"","meta":{"_acf_changed":false,"footnotes":""},"class_list":["post-5530","page","type-page","status-publish","has-post-thumbnail","hentry"],"acf":[],"yoast_head":"<!-- This site is optimized with the Yoast SEO plugin v27.0 - https:\/\/yoast.com\/product\/yoast-seo-wordpress\/ -->\n<title>Chi Siamo - Ecoute Cancer Reconfort<\/title>\n<meta name=\"robots\" content=\"index, follow, max-snippet:-1, max-image-preview:large, max-video-preview:-1\" \/>\n<link rel=\"canonical\" href=\"https:\/\/ecoutecancerreconfort.org\/it\/lassociation\/qui-sommes-nous\/\" \/>\n<meta property=\"og:locale\" content=\"it_IT\" \/>\n<meta property=\"og:type\" content=\"article\" \/>\n<meta property=\"og:title\" content=\"Chi Siamo - Ecoute Cancer Reconfort\" \/>\n<meta property=\"og:description\" content=\"L\u2019Associazione Ecoute Cancer R\u00e9confort \u00e8 stata fondata nel 1992 da Martine Vaccarezza, Mado Petit, Th\u00e9r\u00e8se Mencaraglia, Philippe Ball\u00e9rio, sotto la Presidenza d\u2019Onore di Sua Altezza Serenissima La Principessa Stefania di Monaco e si \u00e8 fissata come obiettivo : \u00ab con i mezzi pi\u00f9 adatti ed appropriati, di portare aiuto e conforto alle persone che sono [&hellip;]\" \/>\n<meta property=\"og:url\" content=\"https:\/\/ecoutecancerreconfort.org\/it\/lassociation\/qui-sommes-nous\/\" \/>\n<meta property=\"og:site_name\" content=\"Ecoute Cancer Reconfort\" \/>\n<meta property=\"article:modified_time\" content=\"2025-05-09T06:02:28+00:00\" \/>\n<meta property=\"og:image\" content=\"https:\/\/ecoutecancerreconfort.org\/wp-content\/uploads\/2022\/10\/qui-nous-sommes.jpg\" \/>\n\t<meta property=\"og:image:width\" content=\"1500\" \/>\n\t<meta property=\"og:image:height\" content=\"706\" \/>\n\t<meta property=\"og:image:type\" content=\"image\/jpeg\" \/>\n<meta name=\"twitter:card\" content=\"summary_large_image\" \/>\n<meta name=\"twitter:label1\" content=\"Tempo di lettura stimato\" \/>\n\t<meta name=\"twitter:data1\" content=\"2 minuti\" \/>\n<script type=\"application\/ld+json\" class=\"yoast-schema-graph\">{\"@context\":\"https:\/\/schema.org\",\"@graph\":[{\"@type\":\"WebPage\",\"@id\":\"https:\/\/ecoutecancerreconfort.org\/it\/lassociation\/qui-sommes-nous\/\",\"url\":\"https:\/\/ecoutecancerreconfort.org\/it\/lassociation\/qui-sommes-nous\/\",\"name\":\"Chi Siamo - Ecoute Cancer Reconfort\",\"isPartOf\":{\"@id\":\"https:\/\/ecoutecancerreconfort.org\/it\/#website\"},\"primaryImageOfPage\":{\"@id\":\"https:\/\/ecoutecancerreconfort.org\/it\/lassociation\/qui-sommes-nous\/#primaryimage\"},\"image\":{\"@id\":\"https:\/\/ecoutecancerreconfort.org\/it\/lassociation\/qui-sommes-nous\/#primaryimage\"},\"thumbnailUrl\":\"https:\/\/ecoutecancerreconfort.org\/wp-content\/uploads\/2022\/10\/qui-nous-sommes.jpg\",\"datePublished\":\"2022-05-05T11:57:29+00:00\",\"dateModified\":\"2025-05-09T06:02:28+00:00\",\"breadcrumb\":{\"@id\":\"https:\/\/ecoutecancerreconfort.org\/it\/lassociation\/qui-sommes-nous\/#breadcrumb\"},\"inLanguage\":\"it-IT\",\"potentialAction\":[{\"@type\":\"ReadAction\",\"target\":[\"https:\/\/ecoutecancerreconfort.org\/it\/lassociation\/qui-sommes-nous\/\"]}]},{\"@type\":\"ImageObject\",\"inLanguage\":\"it-IT\",\"@id\":\"https:\/\/ecoutecancerreconfort.org\/it\/lassociation\/qui-sommes-nous\/#primaryimage\",\"url\":\"https:\/\/ecoutecancerreconfort.org\/wp-content\/uploads\/2022\/10\/qui-nous-sommes.jpg\",\"contentUrl\":\"https:\/\/ecoutecancerreconfort.org\/wp-content\/uploads\/2022\/10\/qui-nous-sommes.jpg\",\"width\":1500,\"height\":706},{\"@type\":\"BreadcrumbList\",\"@id\":\"https:\/\/ecoutecancerreconfort.org\/it\/lassociation\/qui-sommes-nous\/#breadcrumb\",\"itemListElement\":[{\"@type\":\"ListItem\",\"position\":1,\"name\":\"Accueil\",\"item\":\"https:\/\/ecoutecancerreconfort.org\/it\/\"},{\"@type\":\"ListItem\",\"position\":2,\"name\":\"L&#8217;Associazione\",\"item\":\"https:\/\/ecoutecancerreconfort.org\/it\/lassociation\/\"},{\"@type\":\"ListItem\",\"position\":3,\"name\":\"Chi Siamo\"}]},{\"@type\":\"WebSite\",\"@id\":\"https:\/\/ecoutecancerreconfort.org\/it\/#website\",\"url\":\"https:\/\/ecoutecancerreconfort.org\/it\/\",\"name\":\"Ecoute Cancer Reconfort\",\"description\":\"\",\"potentialAction\":[{\"@type\":\"SearchAction\",\"target\":{\"@type\":\"EntryPoint\",\"urlTemplate\":\"https:\/\/ecoutecancerreconfort.org\/it\/?s={search_term_string}\"},\"query-input\":{\"@type\":\"PropertyValueSpecification\",\"valueRequired\":true,\"valueName\":\"search_term_string\"}}],\"inLanguage\":\"it-IT\"}]}<\/script>\n<!-- \/ Yoast SEO plugin. -->","yoast_head_json":{"title":"Chi Siamo - Ecoute Cancer Reconfort","robots":{"index":"index","follow":"follow","max-snippet":"max-snippet:-1","max-image-preview":"max-image-preview:large","max-video-preview":"max-video-preview:-1"},"canonical":"https:\/\/ecoutecancerreconfort.org\/it\/lassociation\/qui-sommes-nous\/","og_locale":"it_IT","og_type":"article","og_title":"Chi Siamo - Ecoute Cancer Reconfort","og_description":"L\u2019Associazione Ecoute Cancer R\u00e9confort \u00e8 stata fondata nel 1992 da Martine Vaccarezza, Mado Petit, Th\u00e9r\u00e8se Mencaraglia, Philippe Ball\u00e9rio, sotto la Presidenza d\u2019Onore di Sua Altezza Serenissima La Principessa Stefania di Monaco e si \u00e8 fissata come obiettivo : \u00ab con i mezzi pi\u00f9 adatti ed appropriati, di portare aiuto e conforto alle persone che sono [&hellip;]","og_url":"https:\/\/ecoutecancerreconfort.org\/it\/lassociation\/qui-sommes-nous\/","og_site_name":"Ecoute Cancer Reconfort","article_modified_time":"2025-05-09T06:02:28+00:00","og_image":[{"width":1500,"height":706,"url":"https:\/\/ecoutecancerreconfort.org\/wp-content\/uploads\/2022\/10\/qui-nous-sommes.jpg","type":"image\/jpeg"}],"twitter_card":"summary_large_image","twitter_misc":{"Tempo di lettura stimato":"2 minuti"},"schema":{"@context":"https:\/\/schema.org","@graph":[{"@type":"WebPage","@id":"https:\/\/ecoutecancerreconfort.org\/it\/lassociation\/qui-sommes-nous\/","url":"https:\/\/ecoutecancerreconfort.org\/it\/lassociation\/qui-sommes-nous\/","name":"Chi Siamo - Ecoute Cancer Reconfort","isPartOf":{"@id":"https:\/\/ecoutecancerreconfort.org\/it\/#website"},"primaryImageOfPage":{"@id":"https:\/\/ecoutecancerreconfort.org\/it\/lassociation\/qui-sommes-nous\/#primaryimage"},"image":{"@id":"https:\/\/ecoutecancerreconfort.org\/it\/lassociation\/qui-sommes-nous\/#primaryimage"},"thumbnailUrl":"https:\/\/ecoutecancerreconfort.org\/wp-content\/uploads\/2022\/10\/qui-nous-sommes.jpg","datePublished":"2022-05-05T11:57:29+00:00","dateModified":"2025-05-09T06:02:28+00:00","breadcrumb":{"@id":"https:\/\/ecoutecancerreconfort.org\/it\/lassociation\/qui-sommes-nous\/#breadcrumb"},"inLanguage":"it-IT","potentialAction":[{"@type":"ReadAction","target":["https:\/\/ecoutecancerreconfort.org\/it\/lassociation\/qui-sommes-nous\/"]}]},{"@type":"ImageObject","inLanguage":"it-IT","@id":"https:\/\/ecoutecancerreconfort.org\/it\/lassociation\/qui-sommes-nous\/#primaryimage","url":"https:\/\/ecoutecancerreconfort.org\/wp-content\/uploads\/2022\/10\/qui-nous-sommes.jpg","contentUrl":"https:\/\/ecoutecancerreconfort.org\/wp-content\/uploads\/2022\/10\/qui-nous-sommes.jpg","width":1500,"height":706},{"@type":"BreadcrumbList","@id":"https:\/\/ecoutecancerreconfort.org\/it\/lassociation\/qui-sommes-nous\/#breadcrumb","itemListElement":[{"@type":"ListItem","position":1,"name":"Accueil","item":"https:\/\/ecoutecancerreconfort.org\/it\/"},{"@type":"ListItem","position":2,"name":"L&#8217;Associazione","item":"https:\/\/ecoutecancerreconfort.org\/it\/lassociation\/"},{"@type":"ListItem","position":3,"name":"Chi Siamo"}]},{"@type":"WebSite","@id":"https:\/\/ecoutecancerreconfort.org\/it\/#website","url":"https:\/\/ecoutecancerreconfort.org\/it\/","name":"Ecoute Cancer Reconfort","description":"","potentialAction":[{"@type":"SearchAction","target":{"@type":"EntryPoint","urlTemplate":"https:\/\/ecoutecancerreconfort.org\/it\/?s={search_term_string}"},"query-input":{"@type":"PropertyValueSpecification","valueRequired":true,"valueName":"search_term_string"}}],"inLanguage":"it-IT"}]}},"jetpack_sharing_enabled":true,"_links":{"self":[{"href":"https:\/\/ecoutecancerreconfort.org\/it\/wp-json\/wp\/v2\/pages\/5530","targetHints":{"allow":["GET"]}}],"collection":[{"href":"https:\/\/ecoutecancerreconfort.org\/it\/wp-json\/wp\/v2\/pages"}],"about":[{"href":"https:\/\/ecoutecancerreconfort.org\/it\/wp-json\/wp\/v2\/types\/page"}],"author":[{"embeddable":true,"href":"https:\/\/ecoutecancerreconfort.org\/it\/wp-json\/wp\/v2\/users\/1"}],"replies":[{"embeddable":true,"href":"https:\/\/ecoutecancerreconfort.org\/it\/wp-json\/wp\/v2\/comments?post=5530"}],"version-history":[{"count":5,"href":"https:\/\/ecoutecancerreconfort.org\/it\/wp-json\/wp\/v2\/pages\/5530\/revisions"}],"predecessor-version":[{"id":8318,"href":"https:\/\/ecoutecancerreconfort.org\/it\/wp-json\/wp\/v2\/pages\/5530\/revisions\/8318"}],"up":[{"embeddable":true,"href":"https:\/\/ecoutecancerreconfort.org\/it\/wp-json\/wp\/v2\/pages\/4144"}],"wp:featuredmedia":[{"embeddable":true,"href":"https:\/\/ecoutecancerreconfort.org\/it\/wp-json\/wp\/v2\/media\/6482"}],"wp:attachment":[{"href":"https:\/\/ecoutecancerreconfort.org\/it\/wp-json\/wp\/v2\/media?parent=5530"}],"curies":[{"name":"wp","href":"https:\/\/api.w.org\/{rel}","templated":true}]}}