{"id":5559,"date":"2022-05-05T14:29:15","date_gmt":"2022-05-05T12:29:15","guid":{"rendered":"https:\/\/http:\/\/ecoutecancerreconfort.org\/etre-benevole\/"},"modified":"2022-05-19T16:19:33","modified_gmt":"2022-05-19T14:19:33","slug":"etre-benevole","status":"publish","type":"page","link":"https:\/\/ecoutecancerreconfort.org\/it\/etre-benevole\/","title":{"rendered":"Essere volontario"},"content":{"rendered":"<p id=\"tw-target-text\" class=\"tw-data-text tw-text-large tw-ta\" dir=\"ltr\" data-placeholder=\"Traduction\"><span class=\"Y2IQFc\" lang=\"it\">Il volontariato \u00e8 un impegno, un atto premuroso, un desiderio che \u00e8 maturato nel profondo e che un giorno assume la sua piena dimensione. <\/span><!--more--><\/p>\n<ul>\n<li class=\"tw-data-text tw-text-large tw-ta\" dir=\"ltr\" data-placeholder=\"Traduction\"><span class=\"Y2IQFc\" lang=\"it\">Il volontariato \u00e8 donare il proprio tempo e la propria persona, ma \u00e8 anche ricevere&#8230; questa \u00e8 tutta la dimensione umana di questo gesto. <\/span><\/li>\n<li class=\"tw-data-text tw-text-large tw-ta\" dir=\"ltr\" data-placeholder=\"Traduction\"><span class=\"Y2IQFc\" lang=\"it\">Grazie per essere entrato a far parte del team di Ecoute Cancer R\u00e9confort. <\/span><\/li>\n<li class=\"tw-data-text tw-text-large tw-ta\" dir=\"ltr\" data-placeholder=\"Traduction\"><span class=\"Y2IQFc\" lang=\"it\">Sei disponibile mezza giornata alla settimana, anzi ogni 15 giorni o anche una volta al mese, tutto \u00e8 possibile. <\/span><\/li>\n<li class=\"tw-data-text tw-text-large tw-ta\" dir=\"ltr\" data-placeholder=\"Traduction\"><span class=\"Y2IQFc\" lang=\"it\">Sei un professionista e svolgi un&#8217;attivit\u00e0 legata al sostegno e al benessere delle persone malate di cancro e dei loro caregiver, al di fuori dell&#8217;ambito medico, unisciti a noi. <\/span><\/li>\n<li class=\"tw-data-text tw-text-large tw-ta\" dir=\"ltr\" data-placeholder=\"Traduction\"><span class=\"Y2IQFc\" lang=\"it\">Se vuoi essere accolto nella nostra associazione, sei a tuo agio con la malattia, mostri empatia e ascolti, unisciti a noi. <\/span><\/li>\n<\/ul>\n<p class=\"tw-data-text tw-text-large tw-ta\" dir=\"ltr\" data-placeholder=\"Traduction\"><span class=\"Y2IQFc\" lang=\"it\"><strong>Ecoute Cancer R\u00e9confort cerca volontari<\/strong><\/span><\/p>\n<p class=\"tw-data-text tw-text-large tw-ta\" dir=\"ltr\" data-placeholder=\"Traduction\"><strong><span class=\"Y2IQFc\" lang=\"it\">Invia la tua candidatura<\/span><\/strong><br \/>\n<strong>au 1, Avenue des Castelans<\/strong><br \/>\n<strong>MC 98000<\/strong><br \/>\n<strong>ou par mail : <a href=\"mailto:ecrbureau@outlook.fr\">ecrbureau@outlook.fr<\/a><\/strong><\/p>\n","protected":false},"excerpt":{"rendered":"<p>Il volontariato \u00e8 un impegno, un atto premuroso, un desiderio che \u00e8 maturato nel profondo e che un giorno assume la sua piena dimensione.<\/p>\n","protected":false},"author":1,"featured_media":6679,"parent":0,"menu_order":23,"comment_status":"closed","ping_status":"closed","template":"","meta":{"_acf_changed":false,"footnotes":""},"class_list":["post-5559","page","type-page","status-publish","has-post-thumbnail","hentry"],"acf":[],"yoast_head":"<!-- This site is optimized with the Yoast SEO plugin v27.0 - https:\/\/yoast.com\/product\/yoast-seo-wordpress\/ -->\n<title>Essere volontario - Ecoute Cancer Reconfort<\/title>\n<meta name=\"robots\" content=\"index, follow, max-snippet:-1, max-image-preview:large, max-video-preview:-1\" \/>\n<link rel=\"canonical\" href=\"https:\/\/ecoutecancerreconfort.org\/it\/etre-benevole\/\" \/>\n<meta property=\"og:locale\" content=\"it_IT\" \/>\n<meta property=\"og:type\" content=\"article\" \/>\n<meta property=\"og:title\" content=\"Essere volontario - Ecoute Cancer Reconfort\" \/>\n<meta property=\"og:description\" content=\"Il volontariato \u00e8 un impegno, un atto premuroso, un desiderio che \u00e8 maturato nel profondo e che un giorno assume la sua piena dimensione.\" \/>\n<meta property=\"og:url\" content=\"https:\/\/ecoutecancerreconfort.org\/it\/etre-benevole\/\" \/>\n<meta property=\"og:site_name\" content=\"Ecoute Cancer Reconfort\" \/>\n<meta property=\"article:modified_time\" content=\"2022-05-19T14:19:33+00:00\" \/>\n<meta name=\"twitter:card\" content=\"summary_large_image\" \/>\n<meta name=\"twitter:label1\" content=\"Tempo di lettura stimato\" \/>\n\t<meta name=\"twitter:data1\" content=\"1 minuto\" \/>\n<script type=\"application\/ld+json\" class=\"yoast-schema-graph\">{\"@context\":\"https:\/\/schema.org\",\"@graph\":[{\"@type\":\"WebPage\",\"@id\":\"https:\/\/ecoutecancerreconfort.org\/it\/etre-benevole\/\",\"url\":\"https:\/\/ecoutecancerreconfort.org\/it\/etre-benevole\/\",\"name\":\"Essere volontario - Ecoute Cancer Reconfort\",\"isPartOf\":{\"@id\":\"https:\/\/ecoutecancerreconfort.org\/it\/#website\"},\"primaryImageOfPage\":{\"@id\":\"https:\/\/ecoutecancerreconfort.org\/it\/etre-benevole\/#primaryimage\"},\"image\":{\"@id\":\"https:\/\/ecoutecancerreconfort.org\/it\/etre-benevole\/#primaryimage\"},\"thumbnailUrl\":\"https:\/\/ecoutecancerreconfort.org\/wp-content\/uploads\/2022\/11\/benevolat.jpg\",\"datePublished\":\"2022-05-05T12:29:15+00:00\",\"dateModified\":\"2022-05-19T14:19:33+00:00\",\"breadcrumb\":{\"@id\":\"https:\/\/ecoutecancerreconfort.org\/it\/etre-benevole\/#breadcrumb\"},\"inLanguage\":\"it-IT\",\"potentialAction\":[{\"@type\":\"ReadAction\",\"target\":[\"https:\/\/ecoutecancerreconfort.org\/it\/etre-benevole\/\"]}]},{\"@type\":\"ImageObject\",\"inLanguage\":\"it-IT\",\"@id\":\"https:\/\/ecoutecancerreconfort.org\/it\/etre-benevole\/#primaryimage\",\"url\":\"https:\/\/ecoutecancerreconfort.org\/wp-content\/uploads\/2022\/11\/benevolat.jpg\",\"contentUrl\":\"https:\/\/ecoutecancerreconfort.org\/wp-content\/uploads\/2022\/11\/benevolat.jpg\",\"width\":960,\"height\":640},{\"@type\":\"BreadcrumbList\",\"@id\":\"https:\/\/ecoutecancerreconfort.org\/it\/etre-benevole\/#breadcrumb\",\"itemListElement\":[{\"@type\":\"ListItem\",\"position\":1,\"name\":\"Accueil\",\"item\":\"https:\/\/ecoutecancerreconfort.org\/it\/\"},{\"@type\":\"ListItem\",\"position\":2,\"name\":\"Essere volontario\"}]},{\"@type\":\"WebSite\",\"@id\":\"https:\/\/ecoutecancerreconfort.org\/it\/#website\",\"url\":\"https:\/\/ecoutecancerreconfort.org\/it\/\",\"name\":\"Ecoute Cancer Reconfort\",\"description\":\"\",\"potentialAction\":[{\"@type\":\"SearchAction\",\"target\":{\"@type\":\"EntryPoint\",\"urlTemplate\":\"https:\/\/ecoutecancerreconfort.org\/it\/?s={search_term_string}\"},\"query-input\":{\"@type\":\"PropertyValueSpecification\",\"valueRequired\":true,\"valueName\":\"search_term_string\"}}],\"inLanguage\":\"it-IT\"}]}<\/script>\n<!-- \/ Yoast SEO plugin. -->","yoast_head_json":{"title":"Essere volontario - Ecoute Cancer Reconfort","robots":{"index":"index","follow":"follow","max-snippet":"max-snippet:-1","max-image-preview":"max-image-preview:large","max-video-preview":"max-video-preview:-1"},"canonical":"https:\/\/ecoutecancerreconfort.org\/it\/etre-benevole\/","og_locale":"it_IT","og_type":"article","og_title":"Essere volontario - Ecoute Cancer Reconfort","og_description":"Il volontariato \u00e8 un impegno, un atto premuroso, un desiderio che \u00e8 maturato nel profondo e che un giorno assume la sua piena dimensione.","og_url":"https:\/\/ecoutecancerreconfort.org\/it\/etre-benevole\/","og_site_name":"Ecoute Cancer Reconfort","article_modified_time":"2022-05-19T14:19:33+00:00","twitter_card":"summary_large_image","twitter_misc":{"Tempo di lettura stimato":"1 minuto"},"schema":{"@context":"https:\/\/schema.org","@graph":[{"@type":"WebPage","@id":"https:\/\/ecoutecancerreconfort.org\/it\/etre-benevole\/","url":"https:\/\/ecoutecancerreconfort.org\/it\/etre-benevole\/","name":"Essere volontario - Ecoute Cancer Reconfort","isPartOf":{"@id":"https:\/\/ecoutecancerreconfort.org\/it\/#website"},"primaryImageOfPage":{"@id":"https:\/\/ecoutecancerreconfort.org\/it\/etre-benevole\/#primaryimage"},"image":{"@id":"https:\/\/ecoutecancerreconfort.org\/it\/etre-benevole\/#primaryimage"},"thumbnailUrl":"https:\/\/ecoutecancerreconfort.org\/wp-content\/uploads\/2022\/11\/benevolat.jpg","datePublished":"2022-05-05T12:29:15+00:00","dateModified":"2022-05-19T14:19:33+00:00","breadcrumb":{"@id":"https:\/\/ecoutecancerreconfort.org\/it\/etre-benevole\/#breadcrumb"},"inLanguage":"it-IT","potentialAction":[{"@type":"ReadAction","target":["https:\/\/ecoutecancerreconfort.org\/it\/etre-benevole\/"]}]},{"@type":"ImageObject","inLanguage":"it-IT","@id":"https:\/\/ecoutecancerreconfort.org\/it\/etre-benevole\/#primaryimage","url":"https:\/\/ecoutecancerreconfort.org\/wp-content\/uploads\/2022\/11\/benevolat.jpg","contentUrl":"https:\/\/ecoutecancerreconfort.org\/wp-content\/uploads\/2022\/11\/benevolat.jpg","width":960,"height":640},{"@type":"BreadcrumbList","@id":"https:\/\/ecoutecancerreconfort.org\/it\/etre-benevole\/#breadcrumb","itemListElement":[{"@type":"ListItem","position":1,"name":"Accueil","item":"https:\/\/ecoutecancerreconfort.org\/it\/"},{"@type":"ListItem","position":2,"name":"Essere volontario"}]},{"@type":"WebSite","@id":"https:\/\/ecoutecancerreconfort.org\/it\/#website","url":"https:\/\/ecoutecancerreconfort.org\/it\/","name":"Ecoute Cancer Reconfort","description":"","potentialAction":[{"@type":"SearchAction","target":{"@type":"EntryPoint","urlTemplate":"https:\/\/ecoutecancerreconfort.org\/it\/?s={search_term_string}"},"query-input":{"@type":"PropertyValueSpecification","valueRequired":true,"valueName":"search_term_string"}}],"inLanguage":"it-IT"}]}},"jetpack_sharing_enabled":true,"_links":{"self":[{"href":"https:\/\/ecoutecancerreconfort.org\/it\/wp-json\/wp\/v2\/pages\/5559","targetHints":{"allow":["GET"]}}],"collection":[{"href":"https:\/\/ecoutecancerreconfort.org\/it\/wp-json\/wp\/v2\/pages"}],"about":[{"href":"https:\/\/ecoutecancerreconfort.org\/it\/wp-json\/wp\/v2\/types\/page"}],"author":[{"embeddable":true,"href":"https:\/\/ecoutecancerreconfort.org\/it\/wp-json\/wp\/v2\/users\/1"}],"replies":[{"embeddable":true,"href":"https:\/\/ecoutecancerreconfort.org\/it\/wp-json\/wp\/v2\/comments?post=5559"}],"version-history":[{"count":5,"href":"https:\/\/ecoutecancerreconfort.org\/it\/wp-json\/wp\/v2\/pages\/5559\/revisions"}],"predecessor-version":[{"id":5955,"href":"https:\/\/ecoutecancerreconfort.org\/it\/wp-json\/wp\/v2\/pages\/5559\/revisions\/5955"}],"wp:featuredmedia":[{"embeddable":true,"href":"https:\/\/ecoutecancerreconfort.org\/it\/wp-json\/wp\/v2\/media\/6679"}],"wp:attachment":[{"href":"https:\/\/ecoutecancerreconfort.org\/it\/wp-json\/wp\/v2\/media?parent=5559"}],"curies":[{"name":"wp","href":"https:\/\/api.w.org\/{rel}","templated":true}]}}