{"id":5605,"date":"2022-05-05T15:26:25","date_gmt":"2022-05-05T13:26:25","guid":{"rendered":"https:\/\/http:\/\/ecoutecancerreconfort.org\/nos-activites\/la-socio-esthetique\/"},"modified":"2026-01-24T16:15:24","modified_gmt":"2026-01-24T15:15:24","slug":"la-socio-esthetique","status":"publish","type":"page","link":"https:\/\/ecoutecancerreconfort.org\/it\/nos-activites\/notre-espace-mieux-etre\/la-socio-esthetique\/","title":{"rendered":"La socio-esth\u00e9tique"},"content":{"rendered":"<p><strong>La socio-esth\u00e9tique<\/strong><\/p>\n<p>La socio-esth\u00e9ticienne est une professionnelle qui dans le cadre d\u2019une approche globale (bio-psycho-sociale-esth\u00e9tique) d\u2019une personne dispense des soins techniques-esth\u00e9tiques et relationnels de nature pr\u00e9ventive (hygi\u00e8ne), curative (prise en compte des effets secondaires), palliative et \u00e9ducative (apprentissages en fonction des diff\u00e9rents besoins observ\u00e9s) au moyen des soins esth\u00e9tiques et de leur d\u00e9clinaison.<\/p>\n<p>La socio-esth\u00e9ticienne apporte un sentiment de <strong>r\u00e9confort et d\u2019accompagnement inconditionnel<\/strong>. Elle va redonner au patient sa personnalit\u00e9 et sa valeur en tant qu\u2019humain, elle restaure la dignit\u00e9. Pour le patient elle est une aide, un conseil, un regard bienveillant.<\/p>\n<p>&nbsp;<\/p>\n<p><strong>Sur un plan physique elle est l\u00e0 pour :<\/strong><strong>\u00a0<\/strong><\/p>\n<ul>\n<li>Pallier les effets ind\u00e9sirables des traitements et am\u00e9liorer l\u2019aspect de la peau et des phan\u00e8res par des techniques de soins et des produits adapt\u00e9s<\/li>\n<li>Faire acqu\u00e9rir des techniques n\u00e9cessaires au maintien identitaire en conseillant des coiffures d\u2019appoint, de maquillage correcteur, nouage de foulard\u2026<\/li>\n<li>Centrer l\u2019attention sur les points positifs du corps<\/li>\n<li>Am\u00e9liorer les sensations de bien-\u00eatre gr\u00e2ce \u00e0 un toucher agr\u00e9able et reposant<\/li>\n<li>Am\u00e9liorer la qualit\u00e9 de vie et l\u2019accompagnement<\/li>\n<li>Favoriser la d\u00e9tente, la relaxation<\/li>\n<li>Restaurer l\u2019apparence et maintenir l\u2019hygi\u00e8ne<\/li>\n<li>Soulager la douleur<\/li>\n<\/ul>\n<p>&nbsp;<\/p>\n<p><strong>Sur un plan psychologique :<\/strong><strong>\u00a0<\/strong><\/p>\n<ul>\n<li>Mettre en place diff\u00e9rents vecteurs de communication par une approche diff\u00e9rente et une \u00e9coute non-m\u00e9dicalis\u00e9e<\/li>\n<li>Contribuer au maintien des rep\u00e8res spatio-temporels<\/li>\n<li>Faciliter la relation soignant-soign\u00e9 et l\u2019acceptation des traitements<\/li>\n<li>Aider \u00e0 s\u2019adapter au changement de l\u2019image de son corps, \u00e0 mieux int\u00e9grer sa nouvelle image corporelle<\/li>\n<li>Favoriser les relations sociales et familiales<\/li>\n<li>Favoriser le maintien de l\u2019autonomie<\/li>\n<li>Susciter l\u2019envie et le d\u00e9sir de vie<\/li>\n<li>Apaiser le stress et l\u2019anxi\u00e9t\u00e9<\/li>\n<\/ul>\n","protected":false},"excerpt":{"rendered":"<p>La socio-esth\u00e9tique La socio-esth\u00e9ticienne est une professionnelle qui dans le cadre d\u2019une approche globale (bio-psycho-sociale-esth\u00e9tique) d\u2019une personne dispense des soins techniques-esth\u00e9tiques et relationnels de nature pr\u00e9ventive (hygi\u00e8ne), curative (prise en compte des effets secondaires), palliative et \u00e9ducative (apprentissages en fonction des diff\u00e9rents besoins observ\u00e9s) au moyen des soins esth\u00e9tiques et de leur d\u00e9clinaison. La socio-esth\u00e9ticienne [&hellip;]<\/p>\n","protected":false},"author":1,"featured_media":10191,"parent":5598,"menu_order":35,"comment_status":"closed","ping_status":"closed","template":"","meta":{"_acf_changed":false,"footnotes":""},"class_list":["post-5605","page","type-page","status-publish","has-post-thumbnail","hentry"],"acf":[],"yoast_head":"<!-- This site is optimized with the Yoast SEO plugin v27.0 - https:\/\/yoast.com\/product\/yoast-seo-wordpress\/ -->\n<title>La socio-esth\u00e9tique - Ecoute Cancer Reconfort<\/title>\n<meta name=\"robots\" content=\"index, follow, max-snippet:-1, max-image-preview:large, max-video-preview:-1\" \/>\n<link rel=\"canonical\" href=\"https:\/\/ecoutecancerreconfort.org\/it\/nos-activites\/notre-espace-mieux-etre\/la-socio-esthetique\/\" \/>\n<meta property=\"og:locale\" content=\"it_IT\" \/>\n<meta property=\"og:type\" content=\"article\" \/>\n<meta property=\"og:title\" content=\"La socio-esth\u00e9tique - Ecoute Cancer Reconfort\" \/>\n<meta property=\"og:description\" content=\"La socio-esth\u00e9tique La socio-esth\u00e9ticienne est une professionnelle qui dans le cadre d\u2019une approche globale (bio-psycho-sociale-esth\u00e9tique) d\u2019une personne dispense des soins techniques-esth\u00e9tiques et relationnels de nature pr\u00e9ventive (hygi\u00e8ne), curative (prise en compte des effets secondaires), palliative et \u00e9ducative (apprentissages en fonction des diff\u00e9rents besoins observ\u00e9s) au moyen des soins esth\u00e9tiques et de leur d\u00e9clinaison. La socio-esth\u00e9ticienne [&hellip;]\" \/>\n<meta property=\"og:url\" content=\"https:\/\/ecoutecancerreconfort.org\/it\/nos-activites\/notre-espace-mieux-etre\/la-socio-esthetique\/\" \/>\n<meta property=\"og:site_name\" content=\"Ecoute Cancer Reconfort\" \/>\n<meta property=\"article:modified_time\" content=\"2026-01-24T15:15:24+00:00\" \/>\n<meta property=\"og:image\" content=\"https:\/\/ecoutecancerreconfort.org\/wp-content\/uploads\/2026\/01\/socieo-esthetique.jpg\" \/>\n\t<meta property=\"og:image:width\" content=\"1600\" \/>\n\t<meta property=\"og:image:height\" content=\"763\" \/>\n\t<meta property=\"og:image:type\" content=\"image\/jpeg\" \/>\n<meta name=\"twitter:card\" content=\"summary_large_image\" \/>\n<meta name=\"twitter:label1\" content=\"Tempo di lettura stimato\" \/>\n\t<meta name=\"twitter:data1\" content=\"2 minuti\" \/>\n<script type=\"application\/ld+json\" class=\"yoast-schema-graph\">{\"@context\":\"https:\/\/schema.org\",\"@graph\":[{\"@type\":\"WebPage\",\"@id\":\"https:\/\/ecoutecancerreconfort.org\/it\/nos-activites\/notre-espace-mieux-etre\/la-socio-esthetique\/\",\"url\":\"https:\/\/ecoutecancerreconfort.org\/it\/nos-activites\/notre-espace-mieux-etre\/la-socio-esthetique\/\",\"name\":\"La socio-esth\u00e9tique - Ecoute Cancer Reconfort\",\"isPartOf\":{\"@id\":\"https:\/\/ecoutecancerreconfort.org\/it\/#website\"},\"primaryImageOfPage\":{\"@id\":\"https:\/\/ecoutecancerreconfort.org\/it\/nos-activites\/notre-espace-mieux-etre\/la-socio-esthetique\/#primaryimage\"},\"image\":{\"@id\":\"https:\/\/ecoutecancerreconfort.org\/it\/nos-activites\/notre-espace-mieux-etre\/la-socio-esthetique\/#primaryimage\"},\"thumbnailUrl\":\"https:\/\/ecoutecancerreconfort.org\/wp-content\/uploads\/2026\/01\/socieo-esthetique.jpg\",\"datePublished\":\"2022-05-05T13:26:25+00:00\",\"dateModified\":\"2026-01-24T15:15:24+00:00\",\"breadcrumb\":{\"@id\":\"https:\/\/ecoutecancerreconfort.org\/it\/nos-activites\/notre-espace-mieux-etre\/la-socio-esthetique\/#breadcrumb\"},\"inLanguage\":\"it-IT\",\"potentialAction\":[{\"@type\":\"ReadAction\",\"target\":[\"https:\/\/ecoutecancerreconfort.org\/it\/nos-activites\/notre-espace-mieux-etre\/la-socio-esthetique\/\"]}]},{\"@type\":\"ImageObject\",\"inLanguage\":\"it-IT\",\"@id\":\"https:\/\/ecoutecancerreconfort.org\/it\/nos-activites\/notre-espace-mieux-etre\/la-socio-esthetique\/#primaryimage\",\"url\":\"https:\/\/ecoutecancerreconfort.org\/wp-content\/uploads\/2026\/01\/socieo-esthetique.jpg\",\"contentUrl\":\"https:\/\/ecoutecancerreconfort.org\/wp-content\/uploads\/2026\/01\/socieo-esthetique.jpg\",\"width\":1600,\"height\":763},{\"@type\":\"BreadcrumbList\",\"@id\":\"https:\/\/ecoutecancerreconfort.org\/it\/nos-activites\/notre-espace-mieux-etre\/la-socio-esthetique\/#breadcrumb\",\"itemListElement\":[{\"@type\":\"ListItem\",\"position\":1,\"name\":\"Accueil\",\"item\":\"https:\/\/ecoutecancerreconfort.org\/it\/\"},{\"@type\":\"ListItem\",\"position\":2,\"name\":\"La Nostra Attivit\u00e0\",\"item\":\"https:\/\/ecoutecancerreconfort.org\/it\/nos-activites\/\"},{\"@type\":\"ListItem\",\"position\":3,\"name\":\"Nostro \u00ab\u00a0Espace Mieux Etre\u00a0\u00bb\",\"item\":\"https:\/\/ecoutecancerreconfort.org\/it\/nos-activites\/notre-espace-mieux-etre\/\"},{\"@type\":\"ListItem\",\"position\":4,\"name\":\"La socio-esth\u00e9tique\"}]},{\"@type\":\"WebSite\",\"@id\":\"https:\/\/ecoutecancerreconfort.org\/it\/#website\",\"url\":\"https:\/\/ecoutecancerreconfort.org\/it\/\",\"name\":\"Ecoute Cancer Reconfort\",\"description\":\"\",\"potentialAction\":[{\"@type\":\"SearchAction\",\"target\":{\"@type\":\"EntryPoint\",\"urlTemplate\":\"https:\/\/ecoutecancerreconfort.org\/it\/?s={search_term_string}\"},\"query-input\":{\"@type\":\"PropertyValueSpecification\",\"valueRequired\":true,\"valueName\":\"search_term_string\"}}],\"inLanguage\":\"it-IT\"}]}<\/script>\n<!-- \/ Yoast SEO plugin. -->","yoast_head_json":{"title":"La socio-esth\u00e9tique - Ecoute Cancer Reconfort","robots":{"index":"index","follow":"follow","max-snippet":"max-snippet:-1","max-image-preview":"max-image-preview:large","max-video-preview":"max-video-preview:-1"},"canonical":"https:\/\/ecoutecancerreconfort.org\/it\/nos-activites\/notre-espace-mieux-etre\/la-socio-esthetique\/","og_locale":"it_IT","og_type":"article","og_title":"La socio-esth\u00e9tique - Ecoute Cancer Reconfort","og_description":"La socio-esth\u00e9tique La socio-esth\u00e9ticienne est une professionnelle qui dans le cadre d\u2019une approche globale (bio-psycho-sociale-esth\u00e9tique) d\u2019une personne dispense des soins techniques-esth\u00e9tiques et relationnels de nature pr\u00e9ventive (hygi\u00e8ne), curative (prise en compte des effets secondaires), palliative et \u00e9ducative (apprentissages en fonction des diff\u00e9rents besoins observ\u00e9s) au moyen des soins esth\u00e9tiques et de leur d\u00e9clinaison. La socio-esth\u00e9ticienne [&hellip;]","og_url":"https:\/\/ecoutecancerreconfort.org\/it\/nos-activites\/notre-espace-mieux-etre\/la-socio-esthetique\/","og_site_name":"Ecoute Cancer Reconfort","article_modified_time":"2026-01-24T15:15:24+00:00","og_image":[{"width":1600,"height":763,"url":"https:\/\/ecoutecancerreconfort.org\/wp-content\/uploads\/2026\/01\/socieo-esthetique.jpg","type":"image\/jpeg"}],"twitter_card":"summary_large_image","twitter_misc":{"Tempo di lettura stimato":"2 minuti"},"schema":{"@context":"https:\/\/schema.org","@graph":[{"@type":"WebPage","@id":"https:\/\/ecoutecancerreconfort.org\/it\/nos-activites\/notre-espace-mieux-etre\/la-socio-esthetique\/","url":"https:\/\/ecoutecancerreconfort.org\/it\/nos-activites\/notre-espace-mieux-etre\/la-socio-esthetique\/","name":"La socio-esth\u00e9tique - Ecoute Cancer Reconfort","isPartOf":{"@id":"https:\/\/ecoutecancerreconfort.org\/it\/#website"},"primaryImageOfPage":{"@id":"https:\/\/ecoutecancerreconfort.org\/it\/nos-activites\/notre-espace-mieux-etre\/la-socio-esthetique\/#primaryimage"},"image":{"@id":"https:\/\/ecoutecancerreconfort.org\/it\/nos-activites\/notre-espace-mieux-etre\/la-socio-esthetique\/#primaryimage"},"thumbnailUrl":"https:\/\/ecoutecancerreconfort.org\/wp-content\/uploads\/2026\/01\/socieo-esthetique.jpg","datePublished":"2022-05-05T13:26:25+00:00","dateModified":"2026-01-24T15:15:24+00:00","breadcrumb":{"@id":"https:\/\/ecoutecancerreconfort.org\/it\/nos-activites\/notre-espace-mieux-etre\/la-socio-esthetique\/#breadcrumb"},"inLanguage":"it-IT","potentialAction":[{"@type":"ReadAction","target":["https:\/\/ecoutecancerreconfort.org\/it\/nos-activites\/notre-espace-mieux-etre\/la-socio-esthetique\/"]}]},{"@type":"ImageObject","inLanguage":"it-IT","@id":"https:\/\/ecoutecancerreconfort.org\/it\/nos-activites\/notre-espace-mieux-etre\/la-socio-esthetique\/#primaryimage","url":"https:\/\/ecoutecancerreconfort.org\/wp-content\/uploads\/2026\/01\/socieo-esthetique.jpg","contentUrl":"https:\/\/ecoutecancerreconfort.org\/wp-content\/uploads\/2026\/01\/socieo-esthetique.jpg","width":1600,"height":763},{"@type":"BreadcrumbList","@id":"https:\/\/ecoutecancerreconfort.org\/it\/nos-activites\/notre-espace-mieux-etre\/la-socio-esthetique\/#breadcrumb","itemListElement":[{"@type":"ListItem","position":1,"name":"Accueil","item":"https:\/\/ecoutecancerreconfort.org\/it\/"},{"@type":"ListItem","position":2,"name":"La Nostra Attivit\u00e0","item":"https:\/\/ecoutecancerreconfort.org\/it\/nos-activites\/"},{"@type":"ListItem","position":3,"name":"Nostro \u00ab\u00a0Espace Mieux Etre\u00a0\u00bb","item":"https:\/\/ecoutecancerreconfort.org\/it\/nos-activites\/notre-espace-mieux-etre\/"},{"@type":"ListItem","position":4,"name":"La socio-esth\u00e9tique"}]},{"@type":"WebSite","@id":"https:\/\/ecoutecancerreconfort.org\/it\/#website","url":"https:\/\/ecoutecancerreconfort.org\/it\/","name":"Ecoute Cancer Reconfort","description":"","potentialAction":[{"@type":"SearchAction","target":{"@type":"EntryPoint","urlTemplate":"https:\/\/ecoutecancerreconfort.org\/it\/?s={search_term_string}"},"query-input":{"@type":"PropertyValueSpecification","valueRequired":true,"valueName":"search_term_string"}}],"inLanguage":"it-IT"}]}},"jetpack_sharing_enabled":true,"_links":{"self":[{"href":"https:\/\/ecoutecancerreconfort.org\/it\/wp-json\/wp\/v2\/pages\/5605","targetHints":{"allow":["GET"]}}],"collection":[{"href":"https:\/\/ecoutecancerreconfort.org\/it\/wp-json\/wp\/v2\/pages"}],"about":[{"href":"https:\/\/ecoutecancerreconfort.org\/it\/wp-json\/wp\/v2\/types\/page"}],"author":[{"embeddable":true,"href":"https:\/\/ecoutecancerreconfort.org\/it\/wp-json\/wp\/v2\/users\/1"}],"replies":[{"embeddable":true,"href":"https:\/\/ecoutecancerreconfort.org\/it\/wp-json\/wp\/v2\/comments?post=5605"}],"version-history":[{"count":6,"href":"https:\/\/ecoutecancerreconfort.org\/it\/wp-json\/wp\/v2\/pages\/5605\/revisions"}],"predecessor-version":[{"id":10174,"href":"https:\/\/ecoutecancerreconfort.org\/it\/wp-json\/wp\/v2\/pages\/5605\/revisions\/10174"}],"up":[{"embeddable":true,"href":"https:\/\/ecoutecancerreconfort.org\/it\/wp-json\/wp\/v2\/pages\/5598"}],"wp:featuredmedia":[{"embeddable":true,"href":"https:\/\/ecoutecancerreconfort.org\/it\/wp-json\/wp\/v2\/media\/10191"}],"wp:attachment":[{"href":"https:\/\/ecoutecancerreconfort.org\/it\/wp-json\/wp\/v2\/media?parent=5605"}],"curies":[{"name":"wp","href":"https:\/\/api.w.org\/{rel}","templated":true}]}}