{"id":5609,"date":"2022-05-05T15:28:07","date_gmt":"2022-05-05T13:28:07","guid":{"rendered":"https:\/\/http:\/\/ecoutecancerreconfort.org\/la-naturopathie\/"},"modified":"2022-09-02T13:42:07","modified_gmt":"2022-09-02T11:42:07","slug":"la-naturopathie","status":"publish","type":"page","link":"https:\/\/ecoutecancerreconfort.org\/it\/nos-activites\/notre-espace-mieux-etre\/la-naturopathie\/","title":{"rendered":"La naturopathie"},"content":{"rendered":"<p><strong>Qu&#8217;est-ce que la naturopathie?<\/strong><\/p>\n<p>La naturopathie est reconnue par l&#8217;OMS comme la 3\u00e8me m\u00e9decine traditionnelle apr\u00e8s la m\u00e9decine chinoise et ayurvedique.\u00a0Elle ne se substitue en aucun cas \u00e0 la m\u00e9decine conventionnelle.\u00a0Le naturopathe ne pose pas de diagnostic \u00a0ne traite pas de pathologie et n&#8217;intervient pas dans un traitement m\u00e9dical.<\/p>\n<p>Le naturopathe agit sur les d\u00e9s\u00e9quilibres du terrain, et a une approche globale de la personne. Il \u00a0prend en compte ses besoins sur tous les plans :\u00a0Physique, \u00e9motionnel, psychique, \u00e9nerg\u00e9tique.<\/p>\n<p>Sa formation comprend la connaissance du fonctionnement du corps humain \u00e0 travers l&#8217;anatomie et la physiologie ainsi qu&#8217;une dizaine de techniques pour optimiser ses r\u00e9sultats. En voici quelques unes :<\/p>\n<ul>\n<li>L&#8217;alimentation (nutrition et micronutrition, cure saisonni\u00e8res&#8230;)<\/li>\n<li>les techniques psycho-\u00e9motionnelles (relaxation , gestion du stress&#8230;)<\/li>\n<li>Les activit\u00e9s physiques (gym douce, \u00e9tirements, marche&#8230;.)<\/li>\n<li>Les techniques manuelles r\u00e9flexes (r\u00e9flexologie plantaire et globale, \u00a0points de Knap&#8230;) et \u00e9nerg\u00e9tiques( magn\u00e9tisme&#8230;.) etc&#8230;..<\/li>\n<\/ul>\n<p>&nbsp;<\/p>\n<p><strong>Son objectif<\/strong> est d&#8217;aider la personne \u00e0 devenir actrice de sa qualit\u00e9 de vie et de son bien-\u00eatre, \u00e0 redonner un sens aux gestes du quotidien pour favoriser une v\u00e9ritable Ecologie de Soi.<\/p>\n<p>A l&#8217;Espace Mieux-Etre Katia, la naturopathe, utilise plus particuli\u00e8rement les techniques r\u00e9flexes et \u00e9nerg\u00e9tiques, qui demandent un \u00e9tat d&#8217;\u00e9coute et de perception profonde pour saisir toutes les manifestations fines de l&#8217;\u00e9tat physique et \u00e9motionnel.<\/p>\n<p>Avec la participation active de la personne, notamment par le souffle, la respiration et la visualisation, ces techniques permettent de :<\/p>\n<ul>\n<li>Se reconnecter \u00e0 son corps<\/li>\n<li>Lib\u00e9rer les zones sensibles et les blocages \u00e9motionnels<\/li>\n<li>Contribuer \u00e0 soulager les douleurs<\/li>\n<li>Relancer la ciculation \u00e9nerg\u00e9tique<\/li>\n<li>Apaiser le stress et l&#8217;anxi\u00e9t\u00e9,<\/li>\n<li>Favoriser la d\u00e9tente et la relaxation<\/li>\n<li>D\u00e9velopper un sentiment positif.<\/li>\n<\/ul>\n<p>Enfin Katia donne <strong>des clefs \u00e0 mettre en pratique<\/strong> dans le quotidien pour p\u00e9renniser les bienfaits de la s\u00e9ance et d\u00e9velopper un maximum d&#8217;autonomie.<\/p>\n","protected":false},"excerpt":{"rendered":"<p>Qu&#8217;est-ce que la naturopathie? La naturopathie est reconnue par l&#8217;OMS comme la 3\u00e8me m\u00e9decine traditionnelle apr\u00e8s la m\u00e9decine chinoise et ayurvedique.\u00a0Elle ne se substitue en aucun cas \u00e0 la m\u00e9decine conventionnelle.\u00a0Le naturopathe ne pose pas de diagnostic \u00a0ne traite pas de pathologie et n&#8217;intervient pas dans un traitement m\u00e9dical. Le naturopathe agit sur les d\u00e9s\u00e9quilibres [&hellip;]<\/p>\n","protected":false},"author":1,"featured_media":5502,"parent":5598,"menu_order":37,"comment_status":"closed","ping_status":"closed","template":"","meta":{"_acf_changed":false,"footnotes":""},"class_list":["post-5609","page","type-page","status-publish","has-post-thumbnail","hentry"],"acf":[],"yoast_head":"<!-- This site is optimized with the Yoast SEO plugin v27.0 - https:\/\/yoast.com\/product\/yoast-seo-wordpress\/ -->\n<title>La naturopathie - Ecoute Cancer Reconfort<\/title>\n<meta name=\"robots\" content=\"index, follow, max-snippet:-1, max-image-preview:large, max-video-preview:-1\" \/>\n<link rel=\"canonical\" href=\"https:\/\/ecoutecancerreconfort.org\/it\/nos-activites\/notre-espace-mieux-etre\/la-naturopathie\/\" \/>\n<meta property=\"og:locale\" content=\"it_IT\" \/>\n<meta property=\"og:type\" content=\"article\" \/>\n<meta property=\"og:title\" content=\"La naturopathie - Ecoute Cancer Reconfort\" \/>\n<meta property=\"og:description\" content=\"Qu&#8217;est-ce que la naturopathie? La naturopathie est reconnue par l&#8217;OMS comme la 3\u00e8me m\u00e9decine traditionnelle apr\u00e8s la m\u00e9decine chinoise et ayurvedique.\u00a0Elle ne se substitue en aucun cas \u00e0 la m\u00e9decine conventionnelle.\u00a0Le naturopathe ne pose pas de diagnostic \u00a0ne traite pas de pathologie et n&#8217;intervient pas dans un traitement m\u00e9dical. Le naturopathe agit sur les d\u00e9s\u00e9quilibres [&hellip;]\" \/>\n<meta property=\"og:url\" content=\"https:\/\/ecoutecancerreconfort.org\/it\/nos-activites\/notre-espace-mieux-etre\/la-naturopathie\/\" \/>\n<meta property=\"og:site_name\" content=\"Ecoute Cancer Reconfort\" \/>\n<meta property=\"article:modified_time\" content=\"2022-09-02T11:42:07+00:00\" \/>\n<meta property=\"og:image\" content=\"https:\/\/ecoutecancerreconfort.org\/wp-content\/uploads\/2022\/03\/bandeau-1.jpg\" \/>\n\t<meta property=\"og:image:width\" content=\"1170\" \/>\n\t<meta property=\"og:image:height\" content=\"420\" \/>\n\t<meta property=\"og:image:type\" content=\"image\/jpeg\" \/>\n<meta name=\"twitter:card\" content=\"summary_large_image\" \/>\n<meta name=\"twitter:label1\" content=\"Tempo di lettura stimato\" \/>\n\t<meta name=\"twitter:data1\" content=\"2 minuti\" \/>\n<script type=\"application\/ld+json\" class=\"yoast-schema-graph\">{\"@context\":\"https:\/\/schema.org\",\"@graph\":[{\"@type\":\"WebPage\",\"@id\":\"https:\/\/ecoutecancerreconfort.org\/it\/nos-activites\/notre-espace-mieux-etre\/la-naturopathie\/\",\"url\":\"https:\/\/ecoutecancerreconfort.org\/it\/nos-activites\/notre-espace-mieux-etre\/la-naturopathie\/\",\"name\":\"La naturopathie - Ecoute Cancer Reconfort\",\"isPartOf\":{\"@id\":\"https:\/\/ecoutecancerreconfort.org\/it\/#website\"},\"primaryImageOfPage\":{\"@id\":\"https:\/\/ecoutecancerreconfort.org\/it\/nos-activites\/notre-espace-mieux-etre\/la-naturopathie\/#primaryimage\"},\"image\":{\"@id\":\"https:\/\/ecoutecancerreconfort.org\/it\/nos-activites\/notre-espace-mieux-etre\/la-naturopathie\/#primaryimage\"},\"thumbnailUrl\":\"https:\/\/ecoutecancerreconfort.org\/wp-content\/uploads\/2022\/03\/bandeau-1.jpg\",\"datePublished\":\"2022-05-05T13:28:07+00:00\",\"dateModified\":\"2022-09-02T11:42:07+00:00\",\"breadcrumb\":{\"@id\":\"https:\/\/ecoutecancerreconfort.org\/it\/nos-activites\/notre-espace-mieux-etre\/la-naturopathie\/#breadcrumb\"},\"inLanguage\":\"it-IT\",\"potentialAction\":[{\"@type\":\"ReadAction\",\"target\":[\"https:\/\/ecoutecancerreconfort.org\/it\/nos-activites\/notre-espace-mieux-etre\/la-naturopathie\/\"]}]},{\"@type\":\"ImageObject\",\"inLanguage\":\"it-IT\",\"@id\":\"https:\/\/ecoutecancerreconfort.org\/it\/nos-activites\/notre-espace-mieux-etre\/la-naturopathie\/#primaryimage\",\"url\":\"https:\/\/ecoutecancerreconfort.org\/wp-content\/uploads\/2022\/03\/bandeau-1.jpg\",\"contentUrl\":\"https:\/\/ecoutecancerreconfort.org\/wp-content\/uploads\/2022\/03\/bandeau-1.jpg\",\"width\":1170,\"height\":420},{\"@type\":\"BreadcrumbList\",\"@id\":\"https:\/\/ecoutecancerreconfort.org\/it\/nos-activites\/notre-espace-mieux-etre\/la-naturopathie\/#breadcrumb\",\"itemListElement\":[{\"@type\":\"ListItem\",\"position\":1,\"name\":\"Accueil\",\"item\":\"https:\/\/ecoutecancerreconfort.org\/it\/\"},{\"@type\":\"ListItem\",\"position\":2,\"name\":\"La Nostra Attivit\u00e0\",\"item\":\"https:\/\/ecoutecancerreconfort.org\/it\/nos-activites\/\"},{\"@type\":\"ListItem\",\"position\":3,\"name\":\"Nostro \u00ab\u00a0Espace Mieux Etre\u00a0\u00bb\",\"item\":\"https:\/\/ecoutecancerreconfort.org\/it\/nos-activites\/notre-espace-mieux-etre\/\"},{\"@type\":\"ListItem\",\"position\":4,\"name\":\"La naturopathie\"}]},{\"@type\":\"WebSite\",\"@id\":\"https:\/\/ecoutecancerreconfort.org\/it\/#website\",\"url\":\"https:\/\/ecoutecancerreconfort.org\/it\/\",\"name\":\"Ecoute Cancer Reconfort\",\"description\":\"\",\"potentialAction\":[{\"@type\":\"SearchAction\",\"target\":{\"@type\":\"EntryPoint\",\"urlTemplate\":\"https:\/\/ecoutecancerreconfort.org\/it\/?s={search_term_string}\"},\"query-input\":{\"@type\":\"PropertyValueSpecification\",\"valueRequired\":true,\"valueName\":\"search_term_string\"}}],\"inLanguage\":\"it-IT\"}]}<\/script>\n<!-- \/ Yoast SEO plugin. -->","yoast_head_json":{"title":"La naturopathie - Ecoute Cancer Reconfort","robots":{"index":"index","follow":"follow","max-snippet":"max-snippet:-1","max-image-preview":"max-image-preview:large","max-video-preview":"max-video-preview:-1"},"canonical":"https:\/\/ecoutecancerreconfort.org\/it\/nos-activites\/notre-espace-mieux-etre\/la-naturopathie\/","og_locale":"it_IT","og_type":"article","og_title":"La naturopathie - Ecoute Cancer Reconfort","og_description":"Qu&#8217;est-ce que la naturopathie? La naturopathie est reconnue par l&#8217;OMS comme la 3\u00e8me m\u00e9decine traditionnelle apr\u00e8s la m\u00e9decine chinoise et ayurvedique.\u00a0Elle ne se substitue en aucun cas \u00e0 la m\u00e9decine conventionnelle.\u00a0Le naturopathe ne pose pas de diagnostic \u00a0ne traite pas de pathologie et n&#8217;intervient pas dans un traitement m\u00e9dical. Le naturopathe agit sur les d\u00e9s\u00e9quilibres [&hellip;]","og_url":"https:\/\/ecoutecancerreconfort.org\/it\/nos-activites\/notre-espace-mieux-etre\/la-naturopathie\/","og_site_name":"Ecoute Cancer Reconfort","article_modified_time":"2022-09-02T11:42:07+00:00","og_image":[{"width":1170,"height":420,"url":"https:\/\/ecoutecancerreconfort.org\/wp-content\/uploads\/2022\/03\/bandeau-1.jpg","type":"image\/jpeg"}],"twitter_card":"summary_large_image","twitter_misc":{"Tempo di lettura stimato":"2 minuti"},"schema":{"@context":"https:\/\/schema.org","@graph":[{"@type":"WebPage","@id":"https:\/\/ecoutecancerreconfort.org\/it\/nos-activites\/notre-espace-mieux-etre\/la-naturopathie\/","url":"https:\/\/ecoutecancerreconfort.org\/it\/nos-activites\/notre-espace-mieux-etre\/la-naturopathie\/","name":"La naturopathie - Ecoute Cancer Reconfort","isPartOf":{"@id":"https:\/\/ecoutecancerreconfort.org\/it\/#website"},"primaryImageOfPage":{"@id":"https:\/\/ecoutecancerreconfort.org\/it\/nos-activites\/notre-espace-mieux-etre\/la-naturopathie\/#primaryimage"},"image":{"@id":"https:\/\/ecoutecancerreconfort.org\/it\/nos-activites\/notre-espace-mieux-etre\/la-naturopathie\/#primaryimage"},"thumbnailUrl":"https:\/\/ecoutecancerreconfort.org\/wp-content\/uploads\/2022\/03\/bandeau-1.jpg","datePublished":"2022-05-05T13:28:07+00:00","dateModified":"2022-09-02T11:42:07+00:00","breadcrumb":{"@id":"https:\/\/ecoutecancerreconfort.org\/it\/nos-activites\/notre-espace-mieux-etre\/la-naturopathie\/#breadcrumb"},"inLanguage":"it-IT","potentialAction":[{"@type":"ReadAction","target":["https:\/\/ecoutecancerreconfort.org\/it\/nos-activites\/notre-espace-mieux-etre\/la-naturopathie\/"]}]},{"@type":"ImageObject","inLanguage":"it-IT","@id":"https:\/\/ecoutecancerreconfort.org\/it\/nos-activites\/notre-espace-mieux-etre\/la-naturopathie\/#primaryimage","url":"https:\/\/ecoutecancerreconfort.org\/wp-content\/uploads\/2022\/03\/bandeau-1.jpg","contentUrl":"https:\/\/ecoutecancerreconfort.org\/wp-content\/uploads\/2022\/03\/bandeau-1.jpg","width":1170,"height":420},{"@type":"BreadcrumbList","@id":"https:\/\/ecoutecancerreconfort.org\/it\/nos-activites\/notre-espace-mieux-etre\/la-naturopathie\/#breadcrumb","itemListElement":[{"@type":"ListItem","position":1,"name":"Accueil","item":"https:\/\/ecoutecancerreconfort.org\/it\/"},{"@type":"ListItem","position":2,"name":"La Nostra Attivit\u00e0","item":"https:\/\/ecoutecancerreconfort.org\/it\/nos-activites\/"},{"@type":"ListItem","position":3,"name":"Nostro \u00ab\u00a0Espace Mieux Etre\u00a0\u00bb","item":"https:\/\/ecoutecancerreconfort.org\/it\/nos-activites\/notre-espace-mieux-etre\/"},{"@type":"ListItem","position":4,"name":"La naturopathie"}]},{"@type":"WebSite","@id":"https:\/\/ecoutecancerreconfort.org\/it\/#website","url":"https:\/\/ecoutecancerreconfort.org\/it\/","name":"Ecoute Cancer Reconfort","description":"","potentialAction":[{"@type":"SearchAction","target":{"@type":"EntryPoint","urlTemplate":"https:\/\/ecoutecancerreconfort.org\/it\/?s={search_term_string}"},"query-input":{"@type":"PropertyValueSpecification","valueRequired":true,"valueName":"search_term_string"}}],"inLanguage":"it-IT"}]}},"jetpack_sharing_enabled":true,"_links":{"self":[{"href":"https:\/\/ecoutecancerreconfort.org\/it\/wp-json\/wp\/v2\/pages\/5609","targetHints":{"allow":["GET"]}}],"collection":[{"href":"https:\/\/ecoutecancerreconfort.org\/it\/wp-json\/wp\/v2\/pages"}],"about":[{"href":"https:\/\/ecoutecancerreconfort.org\/it\/wp-json\/wp\/v2\/types\/page"}],"author":[{"embeddable":true,"href":"https:\/\/ecoutecancerreconfort.org\/it\/wp-json\/wp\/v2\/users\/1"}],"replies":[{"embeddable":true,"href":"https:\/\/ecoutecancerreconfort.org\/it\/wp-json\/wp\/v2\/comments?post=5609"}],"version-history":[{"count":3,"href":"https:\/\/ecoutecancerreconfort.org\/it\/wp-json\/wp\/v2\/pages\/5609\/revisions"}],"predecessor-version":[{"id":6434,"href":"https:\/\/ecoutecancerreconfort.org\/it\/wp-json\/wp\/v2\/pages\/5609\/revisions\/6434"}],"up":[{"embeddable":true,"href":"https:\/\/ecoutecancerreconfort.org\/it\/wp-json\/wp\/v2\/pages\/5598"}],"wp:featuredmedia":[{"embeddable":true,"href":"https:\/\/ecoutecancerreconfort.org\/it\/wp-json\/wp\/v2\/media\/5502"}],"wp:attachment":[{"href":"https:\/\/ecoutecancerreconfort.org\/it\/wp-json\/wp\/v2\/media?parent=5609"}],"curies":[{"name":"wp","href":"https:\/\/api.w.org\/{rel}","templated":true}]}}