{"id":5621,"date":"2022-05-05T16:08:47","date_gmt":"2022-05-05T14:08:47","guid":{"rendered":"https:\/\/http:\/\/ecoutecancerreconfort.org\/lart-therapie-avec-sandra\/"},"modified":"2022-05-25T08:04:32","modified_gmt":"2022-05-25T06:04:32","slug":"lart-therapie-avec-sandra","status":"publish","type":"page","link":"https:\/\/ecoutecancerreconfort.org\/it\/nos-activites\/notre-espace-mieux-etre\/lart-therapie-avec-sandra\/","title":{"rendered":"L&#8217;art th\u00e9rapie et le soutien psychologique avec Sandra"},"content":{"rendered":"<p>Le r\u00f4le principal de Sandra est d\u2019\u00e9couter et de permettre \u00e0 ceux qui s\u2019adressent \u00e0 moi pour faire une th\u00e9rapie de s\u2019entendre afin qu\u2019ils passent d\u2019une position de victime du cancer, avec toutes les remises en question et angoisses que cela implique, \u00e0 une position d\u2019acteur de leur devenir.<\/p>\n<p>En tant que Psychologue Clinicienne, la prise en charge d\u00e9pend de la demande du patient et de son \u00e9tat de sant\u00e9. En th\u00e9rapie de soutien, l\u2019\u00e9coute vise \u00e0 soutenir psychologiquement le patient, afin qu\u2019il puisse se saisir de cet espace de parole pour dire, sans retenue, ce qui l\u2019affecte. Il s\u2019agit d\u2019op\u00e9rer un soulagement et de renforcer les points d\u2019appui du sujet affect\u00e9 dans son corps r\u00e9el, imaginaire et symbolique. A la th\u00e9rapie de soutien se substitue parfois une th\u00e9rapie analytique, lorsque le sujet est mu par le d\u00e9sir de comprendre, de changer et de pr\u00e9venir la maladie, en prenant soin de soi. Un d\u00e9voilement s\u2019op\u00e8re, non sans difficult\u00e9 mais avec courage et d\u00e9termination. Enfin, dipl\u00f4m\u00e9e de m\u00e9diation th\u00e9rapeutique par l\u2019art, les patients peuvent aussi participer \u00e0 des ateliers th\u00e9rapeutiques par l\u2019art, en prenant comme m\u00e9dia le dessin, l\u2019\u00e9criture ou encore le cin\u00e9ma. Cela permet aux patients de se rencontrer et d\u2019\u00e9changer autour du m\u00e9dia, et en pr\u00e9sence du psychologue attentif aux effets que la parole peut avoir sur chacun, afin de cr\u00e9er du lien, un sens commun et pour sortir du sentiment de solitude tout en pr\u00e9servant la singularit\u00e9 de chacun.<\/p>\n","protected":false},"excerpt":{"rendered":"<p>Le r\u00f4le principal de Sandra est d\u2019\u00e9couter et de permettre \u00e0 ceux qui s\u2019adressent \u00e0 moi pour faire une th\u00e9rapie de s\u2019entendre afin qu\u2019ils passent d\u2019une position de victime du cancer, avec toutes les remises en question et angoisses que cela implique, \u00e0 une position d\u2019acteur de leur devenir. En tant que Psychologue Clinicienne, la [&hellip;]<\/p>\n","protected":false},"author":1,"featured_media":4034,"parent":5598,"menu_order":44,"comment_status":"closed","ping_status":"closed","template":"","meta":{"_acf_changed":false,"footnotes":""},"class_list":["post-5621","page","type-page","status-publish","has-post-thumbnail","hentry"],"acf":[],"yoast_head":"<!-- This site is optimized with the Yoast SEO plugin v27.0 - https:\/\/yoast.com\/product\/yoast-seo-wordpress\/ -->\n<title>L&#039;art th\u00e9rapie et le soutien psychologique avec Sandra - Ecoute Cancer Reconfort<\/title>\n<meta name=\"robots\" content=\"index, follow, max-snippet:-1, max-image-preview:large, max-video-preview:-1\" \/>\n<link rel=\"canonical\" href=\"https:\/\/ecoutecancerreconfort.org\/it\/nos-activites\/notre-espace-mieux-etre\/lart-therapie-avec-sandra\/\" \/>\n<meta property=\"og:locale\" content=\"it_IT\" \/>\n<meta property=\"og:type\" content=\"article\" \/>\n<meta property=\"og:title\" content=\"L&#039;art th\u00e9rapie et le soutien psychologique avec Sandra - Ecoute Cancer Reconfort\" \/>\n<meta property=\"og:description\" content=\"Le r\u00f4le principal de Sandra est d\u2019\u00e9couter et de permettre \u00e0 ceux qui s\u2019adressent \u00e0 moi pour faire une th\u00e9rapie de s\u2019entendre afin qu\u2019ils passent d\u2019une position de victime du cancer, avec toutes les remises en question et angoisses que cela implique, \u00e0 une position d\u2019acteur de leur devenir. En tant que Psychologue Clinicienne, la [&hellip;]\" \/>\n<meta property=\"og:url\" content=\"https:\/\/ecoutecancerreconfort.org\/it\/nos-activites\/notre-espace-mieux-etre\/lart-therapie-avec-sandra\/\" \/>\n<meta property=\"og:site_name\" content=\"Ecoute Cancer Reconfort\" \/>\n<meta property=\"article:modified_time\" content=\"2022-05-25T06:04:32+00:00\" \/>\n<meta property=\"og:image\" content=\"https:\/\/ecoutecancerreconfort.org\/wp-content\/uploads\/2022\/03\/iStock_000047305040_XXXLarge-scaled.jpg\" \/>\n\t<meta property=\"og:image:width\" content=\"2560\" \/>\n\t<meta property=\"og:image:height\" content=\"1707\" \/>\n\t<meta property=\"og:image:type\" content=\"image\/jpeg\" \/>\n<meta name=\"twitter:card\" content=\"summary_large_image\" \/>\n<meta name=\"twitter:label1\" content=\"Tempo di lettura stimato\" \/>\n\t<meta name=\"twitter:data1\" content=\"1 minuto\" \/>\n<script type=\"application\/ld+json\" class=\"yoast-schema-graph\">{\"@context\":\"https:\/\/schema.org\",\"@graph\":[{\"@type\":\"WebPage\",\"@id\":\"https:\/\/ecoutecancerreconfort.org\/it\/nos-activites\/notre-espace-mieux-etre\/lart-therapie-avec-sandra\/\",\"url\":\"https:\/\/ecoutecancerreconfort.org\/it\/nos-activites\/notre-espace-mieux-etre\/lart-therapie-avec-sandra\/\",\"name\":\"L'art th\u00e9rapie et le soutien psychologique avec Sandra - Ecoute Cancer Reconfort\",\"isPartOf\":{\"@id\":\"https:\/\/ecoutecancerreconfort.org\/it\/#website\"},\"primaryImageOfPage\":{\"@id\":\"https:\/\/ecoutecancerreconfort.org\/it\/nos-activites\/notre-espace-mieux-etre\/lart-therapie-avec-sandra\/#primaryimage\"},\"image\":{\"@id\":\"https:\/\/ecoutecancerreconfort.org\/it\/nos-activites\/notre-espace-mieux-etre\/lart-therapie-avec-sandra\/#primaryimage\"},\"thumbnailUrl\":\"https:\/\/ecoutecancerreconfort.org\/wp-content\/uploads\/2022\/03\/iStock_000047305040_XXXLarge-scaled.jpg\",\"datePublished\":\"2022-05-05T14:08:47+00:00\",\"dateModified\":\"2022-05-25T06:04:32+00:00\",\"breadcrumb\":{\"@id\":\"https:\/\/ecoutecancerreconfort.org\/it\/nos-activites\/notre-espace-mieux-etre\/lart-therapie-avec-sandra\/#breadcrumb\"},\"inLanguage\":\"it-IT\",\"potentialAction\":[{\"@type\":\"ReadAction\",\"target\":[\"https:\/\/ecoutecancerreconfort.org\/it\/nos-activites\/notre-espace-mieux-etre\/lart-therapie-avec-sandra\/\"]}]},{\"@type\":\"ImageObject\",\"inLanguage\":\"it-IT\",\"@id\":\"https:\/\/ecoutecancerreconfort.org\/it\/nos-activites\/notre-espace-mieux-etre\/lart-therapie-avec-sandra\/#primaryimage\",\"url\":\"https:\/\/ecoutecancerreconfort.org\/wp-content\/uploads\/2022\/03\/iStock_000047305040_XXXLarge-scaled.jpg\",\"contentUrl\":\"https:\/\/ecoutecancerreconfort.org\/wp-content\/uploads\/2022\/03\/iStock_000047305040_XXXLarge-scaled.jpg\",\"width\":2560,\"height\":1707},{\"@type\":\"BreadcrumbList\",\"@id\":\"https:\/\/ecoutecancerreconfort.org\/it\/nos-activites\/notre-espace-mieux-etre\/lart-therapie-avec-sandra\/#breadcrumb\",\"itemListElement\":[{\"@type\":\"ListItem\",\"position\":1,\"name\":\"Accueil\",\"item\":\"https:\/\/ecoutecancerreconfort.org\/it\/\"},{\"@type\":\"ListItem\",\"position\":2,\"name\":\"La Nostra Attivit\u00e0\",\"item\":\"https:\/\/ecoutecancerreconfort.org\/it\/nos-activites\/\"},{\"@type\":\"ListItem\",\"position\":3,\"name\":\"Nostro \u00ab\u00a0Espace Mieux Etre\u00a0\u00bb\",\"item\":\"https:\/\/ecoutecancerreconfort.org\/it\/nos-activites\/notre-espace-mieux-etre\/\"},{\"@type\":\"ListItem\",\"position\":4,\"name\":\"L&#8217;art th\u00e9rapie et le soutien psychologique avec Sandra\"}]},{\"@type\":\"WebSite\",\"@id\":\"https:\/\/ecoutecancerreconfort.org\/it\/#website\",\"url\":\"https:\/\/ecoutecancerreconfort.org\/it\/\",\"name\":\"Ecoute Cancer Reconfort\",\"description\":\"\",\"potentialAction\":[{\"@type\":\"SearchAction\",\"target\":{\"@type\":\"EntryPoint\",\"urlTemplate\":\"https:\/\/ecoutecancerreconfort.org\/it\/?s={search_term_string}\"},\"query-input\":{\"@type\":\"PropertyValueSpecification\",\"valueRequired\":true,\"valueName\":\"search_term_string\"}}],\"inLanguage\":\"it-IT\"}]}<\/script>\n<!-- \/ Yoast SEO plugin. -->","yoast_head_json":{"title":"L'art th\u00e9rapie et le soutien psychologique avec Sandra - Ecoute Cancer Reconfort","robots":{"index":"index","follow":"follow","max-snippet":"max-snippet:-1","max-image-preview":"max-image-preview:large","max-video-preview":"max-video-preview:-1"},"canonical":"https:\/\/ecoutecancerreconfort.org\/it\/nos-activites\/notre-espace-mieux-etre\/lart-therapie-avec-sandra\/","og_locale":"it_IT","og_type":"article","og_title":"L'art th\u00e9rapie et le soutien psychologique avec Sandra - Ecoute Cancer Reconfort","og_description":"Le r\u00f4le principal de Sandra est d\u2019\u00e9couter et de permettre \u00e0 ceux qui s\u2019adressent \u00e0 moi pour faire une th\u00e9rapie de s\u2019entendre afin qu\u2019ils passent d\u2019une position de victime du cancer, avec toutes les remises en question et angoisses que cela implique, \u00e0 une position d\u2019acteur de leur devenir. En tant que Psychologue Clinicienne, la [&hellip;]","og_url":"https:\/\/ecoutecancerreconfort.org\/it\/nos-activites\/notre-espace-mieux-etre\/lart-therapie-avec-sandra\/","og_site_name":"Ecoute Cancer Reconfort","article_modified_time":"2022-05-25T06:04:32+00:00","og_image":[{"width":2560,"height":1707,"url":"https:\/\/ecoutecancerreconfort.org\/wp-content\/uploads\/2022\/03\/iStock_000047305040_XXXLarge-scaled.jpg","type":"image\/jpeg"}],"twitter_card":"summary_large_image","twitter_misc":{"Tempo di lettura stimato":"1 minuto"},"schema":{"@context":"https:\/\/schema.org","@graph":[{"@type":"WebPage","@id":"https:\/\/ecoutecancerreconfort.org\/it\/nos-activites\/notre-espace-mieux-etre\/lart-therapie-avec-sandra\/","url":"https:\/\/ecoutecancerreconfort.org\/it\/nos-activites\/notre-espace-mieux-etre\/lart-therapie-avec-sandra\/","name":"L'art th\u00e9rapie et le soutien psychologique avec Sandra - Ecoute Cancer Reconfort","isPartOf":{"@id":"https:\/\/ecoutecancerreconfort.org\/it\/#website"},"primaryImageOfPage":{"@id":"https:\/\/ecoutecancerreconfort.org\/it\/nos-activites\/notre-espace-mieux-etre\/lart-therapie-avec-sandra\/#primaryimage"},"image":{"@id":"https:\/\/ecoutecancerreconfort.org\/it\/nos-activites\/notre-espace-mieux-etre\/lart-therapie-avec-sandra\/#primaryimage"},"thumbnailUrl":"https:\/\/ecoutecancerreconfort.org\/wp-content\/uploads\/2022\/03\/iStock_000047305040_XXXLarge-scaled.jpg","datePublished":"2022-05-05T14:08:47+00:00","dateModified":"2022-05-25T06:04:32+00:00","breadcrumb":{"@id":"https:\/\/ecoutecancerreconfort.org\/it\/nos-activites\/notre-espace-mieux-etre\/lart-therapie-avec-sandra\/#breadcrumb"},"inLanguage":"it-IT","potentialAction":[{"@type":"ReadAction","target":["https:\/\/ecoutecancerreconfort.org\/it\/nos-activites\/notre-espace-mieux-etre\/lart-therapie-avec-sandra\/"]}]},{"@type":"ImageObject","inLanguage":"it-IT","@id":"https:\/\/ecoutecancerreconfort.org\/it\/nos-activites\/notre-espace-mieux-etre\/lart-therapie-avec-sandra\/#primaryimage","url":"https:\/\/ecoutecancerreconfort.org\/wp-content\/uploads\/2022\/03\/iStock_000047305040_XXXLarge-scaled.jpg","contentUrl":"https:\/\/ecoutecancerreconfort.org\/wp-content\/uploads\/2022\/03\/iStock_000047305040_XXXLarge-scaled.jpg","width":2560,"height":1707},{"@type":"BreadcrumbList","@id":"https:\/\/ecoutecancerreconfort.org\/it\/nos-activites\/notre-espace-mieux-etre\/lart-therapie-avec-sandra\/#breadcrumb","itemListElement":[{"@type":"ListItem","position":1,"name":"Accueil","item":"https:\/\/ecoutecancerreconfort.org\/it\/"},{"@type":"ListItem","position":2,"name":"La Nostra Attivit\u00e0","item":"https:\/\/ecoutecancerreconfort.org\/it\/nos-activites\/"},{"@type":"ListItem","position":3,"name":"Nostro \u00ab\u00a0Espace Mieux Etre\u00a0\u00bb","item":"https:\/\/ecoutecancerreconfort.org\/it\/nos-activites\/notre-espace-mieux-etre\/"},{"@type":"ListItem","position":4,"name":"L&#8217;art th\u00e9rapie et le soutien psychologique avec Sandra"}]},{"@type":"WebSite","@id":"https:\/\/ecoutecancerreconfort.org\/it\/#website","url":"https:\/\/ecoutecancerreconfort.org\/it\/","name":"Ecoute Cancer Reconfort","description":"","potentialAction":[{"@type":"SearchAction","target":{"@type":"EntryPoint","urlTemplate":"https:\/\/ecoutecancerreconfort.org\/it\/?s={search_term_string}"},"query-input":{"@type":"PropertyValueSpecification","valueRequired":true,"valueName":"search_term_string"}}],"inLanguage":"it-IT"}]}},"jetpack_sharing_enabled":true,"_links":{"self":[{"href":"https:\/\/ecoutecancerreconfort.org\/it\/wp-json\/wp\/v2\/pages\/5621","targetHints":{"allow":["GET"]}}],"collection":[{"href":"https:\/\/ecoutecancerreconfort.org\/it\/wp-json\/wp\/v2\/pages"}],"about":[{"href":"https:\/\/ecoutecancerreconfort.org\/it\/wp-json\/wp\/v2\/types\/page"}],"author":[{"embeddable":true,"href":"https:\/\/ecoutecancerreconfort.org\/it\/wp-json\/wp\/v2\/users\/1"}],"replies":[{"embeddable":true,"href":"https:\/\/ecoutecancerreconfort.org\/it\/wp-json\/wp\/v2\/comments?post=5621"}],"version-history":[{"count":4,"href":"https:\/\/ecoutecancerreconfort.org\/it\/wp-json\/wp\/v2\/pages\/5621\/revisions"}],"predecessor-version":[{"id":6159,"href":"https:\/\/ecoutecancerreconfort.org\/it\/wp-json\/wp\/v2\/pages\/5621\/revisions\/6159"}],"up":[{"embeddable":true,"href":"https:\/\/ecoutecancerreconfort.org\/it\/wp-json\/wp\/v2\/pages\/5598"}],"wp:featuredmedia":[{"embeddable":true,"href":"https:\/\/ecoutecancerreconfort.org\/it\/wp-json\/wp\/v2\/media\/4034"}],"wp:attachment":[{"href":"https:\/\/ecoutecancerreconfort.org\/it\/wp-json\/wp\/v2\/media?parent=5621"}],"curies":[{"name":"wp","href":"https:\/\/api.w.org\/{rel}","templated":true}]}}