{"id":5638,"date":"2022-05-05T16:41:42","date_gmt":"2022-05-05T14:41:42","guid":{"rendered":"https:\/\/http:\/\/ecoutecancerreconfort.org\/nos-activites\/la-mediation-animale-au-service-des-patients\/"},"modified":"2022-10-09T17:05:03","modified_gmt":"2022-10-09T15:05:03","slug":"la-mediation-animale-au-service-des-patients","status":"publish","type":"page","link":"https:\/\/ecoutecancerreconfort.org\/it\/nos-activites\/notre-espace-mieux-etre\/la-mediation-animale-au-service-des-patients\/","title":{"rendered":"La m\u00e9diation animale au service des patients"},"content":{"rendered":"<p>Choupette (crois\u00e9e bouledogue fran\u00e7ais) et Chaps (berger hollandais) sont depuis une dizaine d\u2019ann\u00e9es mascottes et assistantes b\u00e9n\u00e9voles \u00e0 l&#8217;Espace Mieux- \u00catre d&#8217;Ecoute Cancer R\u00e9confort.<\/p>\n<p>A l&#8217;instar des chiens d&#8217;assistance judiciaire pr\u00e9sents lors des auditions de victimes, Choupette et Chaps accompagnent et soutiennent moralement les malades.<\/p>\n<p><strong>Le r\u00f4le des animaux <\/strong><\/p>\n<p>Les bienfaits th\u00e9rapeutiques des animaux dans la vie de l\u2019homme sont av\u00e9r\u00e9s depuis longtemps\u00a0: baisse de l&#8217;hormone du stress, de l&#8217;anxi\u00e9t\u00e9 et de la d\u00e9pression, augmentation de la confiance en soi. Caresser un animal procure un sentiment de bien-\u00eatre et d&#8217;apaisement.<\/p>\n<p>Venir \u00e0 l&#8217;association est parfois difficile : l&#8217;inconnu, le regard de l&#8217;autre, mettre des mots sur des maux, la maladie ses cons\u00e9quences et ses peurs&#8230;Choupette et Chaps par leur pr\u00e9sence permettent un contact spontan\u00e9, pas d\u2019interrogation ni jugement, un contact physique rassurant&#8217; un lien d&#8217;affect imm\u00e9diat. Elles sont pr\u00e9sentes dans la salle d&#8217;accueil mais \u00e9galement dans la salle de soins et font l&#8217;unanimit\u00e9.<\/p>\n<p><strong>T\u00e9moignages des patient(e)s :<\/strong><\/p>\n<p>\u00ab\u00a0C&#8217;est une pr\u00e9sence apaisante, tr\u00e8s conviviale.<\/p>\n<p>Elles ont de l&#8217;empathie.<\/p>\n<p>Elles procurent un sentiment de calme.<\/p>\n<p>Cr\u00e9ent une ambiance familiale \u00e0 l&#8217;Espace.<\/p>\n<p>Font partie du \u00ab\u00a0cocon\u00a0\u00bb, si elles ne sont pas l\u00e0 elles nous manquent.<\/p>\n\n\t\t<style type=\"text\/css\">\n\t\t\t#gallery-1 {\n\t\t\t\tmargin: auto;\n\t\t\t}\n\t\t\t#gallery-1 .gallery-item {\n\t\t\t\tfloat: left;\n\t\t\t\tmargin-top: 10px;\n\t\t\t\ttext-align: center;\n\t\t\t\twidth: 25%;\n\t\t\t}\n\t\t\t#gallery-1 img {\n\t\t\t\tborder: 2px solid #cfcfcf;\n\t\t\t}\n\t\t\t#gallery-1 .gallery-caption {\n\t\t\t\tmargin-left: 0;\n\t\t\t}\n\t\t\t\/* see gallery_shortcode() in wp-includes\/media.php *\/\n\t\t<\/style>\n\t\t<div id='gallery-1' class='gallery galleryid-5638 gallery-columns-4 gallery-size-thumbnail'><dl class='gallery-item'>\n\t\t\t<dt class='gallery-icon portrait'>\n\t\t\t\t<a href='https:\/\/ecoutecancerreconfort.org\/it\/attachment-20220303-145904-2\/'><img loading=\"lazy\" decoding=\"async\" width=\"150\" height=\"150\" src=\"https:\/\/ecoutecancerreconfort.org\/wp-content\/uploads\/2022\/03\/20220303_145904-rotated-150x150.jpg\" class=\"attachment-thumbnail size-thumbnail\" alt=\"\" srcset=\"https:\/\/ecoutecancerreconfort.org\/wp-content\/uploads\/2022\/03\/20220303_145904-rotated-150x150.jpg 150w, https:\/\/ecoutecancerreconfort.org\/wp-content\/uploads\/2022\/03\/20220303_145904-rotated-300x300.jpg 300w, https:\/\/ecoutecancerreconfort.org\/wp-content\/uploads\/2022\/03\/20220303_145904-rotated-100x100.jpg 100w\" sizes=\"auto, (max-width: 150px) 100vw, 150px\" \/><\/a>\n\t\t\t<\/dt><\/dl><dl class='gallery-item'>\n\t\t\t<dt class='gallery-icon landscape'>\n\t\t\t\t<a href='https:\/\/ecoutecancerreconfort.org\/it\/nos-activites\/notre-espace-mieux-etre\/la-mediation-animale-au-service-des-patients\/20220305_132233-2\/'><img loading=\"lazy\" decoding=\"async\" width=\"150\" height=\"150\" src=\"https:\/\/ecoutecancerreconfort.org\/wp-content\/uploads\/2022\/10\/20220305_132233-150x150.jpg\" class=\"attachment-thumbnail size-thumbnail\" alt=\"\" srcset=\"https:\/\/ecoutecancerreconfort.org\/wp-content\/uploads\/2022\/10\/20220305_132233-150x150.jpg 150w, https:\/\/ecoutecancerreconfort.org\/wp-content\/uploads\/2022\/10\/20220305_132233-300x300.jpg 300w, https:\/\/ecoutecancerreconfort.org\/wp-content\/uploads\/2022\/10\/20220305_132233-100x100.jpg 100w, https:\/\/ecoutecancerreconfort.org\/wp-content\/uploads\/2022\/10\/20220305_132233.jpg 500w\" sizes=\"auto, (max-width: 150px) 100vw, 150px\" \/><\/a>\n\t\t\t<\/dt><\/dl><dl class='gallery-item'>\n\t\t\t<dt class='gallery-icon portrait'>\n\t\t\t\t<a href='https:\/\/ecoutecancerreconfort.org\/it\/attachment-20220303-150243-2\/'><img loading=\"lazy\" decoding=\"async\" width=\"150\" height=\"150\" src=\"https:\/\/ecoutecancerreconfort.org\/wp-content\/uploads\/2022\/03\/20220303_150243-rotated-150x150.jpg\" class=\"attachment-thumbnail size-thumbnail\" alt=\"\" srcset=\"https:\/\/ecoutecancerreconfort.org\/wp-content\/uploads\/2022\/03\/20220303_150243-rotated-150x150.jpg 150w, https:\/\/ecoutecancerreconfort.org\/wp-content\/uploads\/2022\/03\/20220303_150243-rotated-300x300.jpg 300w, https:\/\/ecoutecancerreconfort.org\/wp-content\/uploads\/2022\/03\/20220303_150243-rotated-100x100.jpg 100w\" sizes=\"auto, (max-width: 150px) 100vw, 150px\" \/><\/a>\n\t\t\t<\/dt><\/dl>\n\t\t\t<br style='clear: both' \/>\n\t\t<\/div>\n\n<p>Pendant le soin je sens sa pr\u00e9sence et ma respiration s\u2019apaise.<\/p>\n<p>On ne se sent pas seule.<\/p>\n<p>Elle est tellement contente de me voir, je me sens touch\u00e9e, bienvenue.<\/p>\n<p>Quand je la caresse je suis rassur\u00e9e.<\/p>\n<p>Elles font partie int\u00e9grante de l&#8217;association&#8221;.<\/p>\n<p>Choupette et Chaps apportent ind\u00e9niablement du R\u00e9confort. Elles ont leur place et un r\u00f4le important dans l&#8217;association.<\/p>\n","protected":false},"excerpt":{"rendered":"<p>Choupette (crois\u00e9e bouledogue fran\u00e7ais) et Chaps (berger hollandais) sont depuis une dizaine d\u2019ann\u00e9es mascottes et assistantes b\u00e9n\u00e9voles \u00e0 l&#8217;Espace Mieux- \u00catre d&#8217;Ecoute Cancer R\u00e9confort. A l&#8217;instar des chiens d&#8217;assistance judiciaire pr\u00e9sents lors des auditions de victimes, Choupette et Chaps accompagnent et soutiennent moralement les malades. Le r\u00f4le des animaux Les bienfaits th\u00e9rapeutiques des animaux dans [&hellip;]<\/p>\n","protected":false},"author":1,"featured_media":6108,"parent":5598,"menu_order":47,"comment_status":"closed","ping_status":"closed","template":"","meta":{"_acf_changed":false,"footnotes":""},"class_list":["post-5638","page","type-page","status-publish","has-post-thumbnail","hentry"],"acf":[],"yoast_head":"<!-- This site is optimized with the Yoast SEO plugin v27.0 - https:\/\/yoast.com\/product\/yoast-seo-wordpress\/ -->\n<title>La m\u00e9diation animale au service des patients - Ecoute Cancer Reconfort<\/title>\n<meta name=\"robots\" content=\"index, follow, max-snippet:-1, max-image-preview:large, max-video-preview:-1\" \/>\n<link rel=\"canonical\" href=\"https:\/\/ecoutecancerreconfort.org\/it\/nos-activites\/notre-espace-mieux-etre\/la-mediation-animale-au-service-des-patients\/\" \/>\n<meta property=\"og:locale\" content=\"it_IT\" \/>\n<meta property=\"og:type\" content=\"article\" \/>\n<meta property=\"og:title\" content=\"La m\u00e9diation animale au service des patients - Ecoute Cancer Reconfort\" \/>\n<meta property=\"og:description\" content=\"Choupette (crois\u00e9e bouledogue fran\u00e7ais) et Chaps (berger hollandais) sont depuis une dizaine d\u2019ann\u00e9es mascottes et assistantes b\u00e9n\u00e9voles \u00e0 l&#8217;Espace Mieux- \u00catre d&#8217;Ecoute Cancer R\u00e9confort. A l&#8217;instar des chiens d&#8217;assistance judiciaire pr\u00e9sents lors des auditions de victimes, Choupette et Chaps accompagnent et soutiennent moralement les malades. Le r\u00f4le des animaux Les bienfaits th\u00e9rapeutiques des animaux dans [&hellip;]\" \/>\n<meta property=\"og:url\" content=\"https:\/\/ecoutecancerreconfort.org\/it\/nos-activites\/notre-espace-mieux-etre\/la-mediation-animale-au-service-des-patients\/\" \/>\n<meta property=\"og:site_name\" content=\"Ecoute Cancer Reconfort\" \/>\n<meta property=\"article:modified_time\" content=\"2022-10-09T15:05:03+00:00\" \/>\n<meta property=\"og:image\" content=\"https:\/\/ecoutecancerreconfort.org\/wp-content\/uploads\/2022\/05\/mediatin.jpg\" \/>\n\t<meta property=\"og:image:width\" content=\"1240\" \/>\n\t<meta property=\"og:image:height\" content=\"620\" \/>\n\t<meta property=\"og:image:type\" content=\"image\/jpeg\" \/>\n<meta name=\"twitter:card\" content=\"summary_large_image\" \/>\n<meta name=\"twitter:label1\" content=\"Tempo di lettura stimato\" \/>\n\t<meta name=\"twitter:data1\" content=\"2 minuti\" \/>\n<script type=\"application\/ld+json\" class=\"yoast-schema-graph\">{\"@context\":\"https:\/\/schema.org\",\"@graph\":[{\"@type\":\"WebPage\",\"@id\":\"https:\/\/ecoutecancerreconfort.org\/it\/nos-activites\/notre-espace-mieux-etre\/la-mediation-animale-au-service-des-patients\/\",\"url\":\"https:\/\/ecoutecancerreconfort.org\/it\/nos-activites\/notre-espace-mieux-etre\/la-mediation-animale-au-service-des-patients\/\",\"name\":\"La m\u00e9diation animale au service des patients - Ecoute Cancer Reconfort\",\"isPartOf\":{\"@id\":\"https:\/\/ecoutecancerreconfort.org\/it\/#website\"},\"primaryImageOfPage\":{\"@id\":\"https:\/\/ecoutecancerreconfort.org\/it\/nos-activites\/notre-espace-mieux-etre\/la-mediation-animale-au-service-des-patients\/#primaryimage\"},\"image\":{\"@id\":\"https:\/\/ecoutecancerreconfort.org\/it\/nos-activites\/notre-espace-mieux-etre\/la-mediation-animale-au-service-des-patients\/#primaryimage\"},\"thumbnailUrl\":\"https:\/\/ecoutecancerreconfort.org\/wp-content\/uploads\/2022\/05\/mediatin.jpg\",\"datePublished\":\"2022-05-05T14:41:42+00:00\",\"dateModified\":\"2022-10-09T15:05:03+00:00\",\"breadcrumb\":{\"@id\":\"https:\/\/ecoutecancerreconfort.org\/it\/nos-activites\/notre-espace-mieux-etre\/la-mediation-animale-au-service-des-patients\/#breadcrumb\"},\"inLanguage\":\"it-IT\",\"potentialAction\":[{\"@type\":\"ReadAction\",\"target\":[\"https:\/\/ecoutecancerreconfort.org\/it\/nos-activites\/notre-espace-mieux-etre\/la-mediation-animale-au-service-des-patients\/\"]}]},{\"@type\":\"ImageObject\",\"inLanguage\":\"it-IT\",\"@id\":\"https:\/\/ecoutecancerreconfort.org\/it\/nos-activites\/notre-espace-mieux-etre\/la-mediation-animale-au-service-des-patients\/#primaryimage\",\"url\":\"https:\/\/ecoutecancerreconfort.org\/wp-content\/uploads\/2022\/05\/mediatin.jpg\",\"contentUrl\":\"https:\/\/ecoutecancerreconfort.org\/wp-content\/uploads\/2022\/05\/mediatin.jpg\",\"width\":1240,\"height\":620},{\"@type\":\"BreadcrumbList\",\"@id\":\"https:\/\/ecoutecancerreconfort.org\/it\/nos-activites\/notre-espace-mieux-etre\/la-mediation-animale-au-service-des-patients\/#breadcrumb\",\"itemListElement\":[{\"@type\":\"ListItem\",\"position\":1,\"name\":\"Accueil\",\"item\":\"https:\/\/ecoutecancerreconfort.org\/it\/\"},{\"@type\":\"ListItem\",\"position\":2,\"name\":\"La Nostra Attivit\u00e0\",\"item\":\"https:\/\/ecoutecancerreconfort.org\/it\/nos-activites\/\"},{\"@type\":\"ListItem\",\"position\":3,\"name\":\"Nostro \u00ab\u00a0Espace Mieux Etre\u00a0\u00bb\",\"item\":\"https:\/\/ecoutecancerreconfort.org\/it\/nos-activites\/notre-espace-mieux-etre\/\"},{\"@type\":\"ListItem\",\"position\":4,\"name\":\"La m\u00e9diation animale au service des patients\"}]},{\"@type\":\"WebSite\",\"@id\":\"https:\/\/ecoutecancerreconfort.org\/it\/#website\",\"url\":\"https:\/\/ecoutecancerreconfort.org\/it\/\",\"name\":\"Ecoute Cancer Reconfort\",\"description\":\"\",\"potentialAction\":[{\"@type\":\"SearchAction\",\"target\":{\"@type\":\"EntryPoint\",\"urlTemplate\":\"https:\/\/ecoutecancerreconfort.org\/it\/?s={search_term_string}\"},\"query-input\":{\"@type\":\"PropertyValueSpecification\",\"valueRequired\":true,\"valueName\":\"search_term_string\"}}],\"inLanguage\":\"it-IT\"}]}<\/script>\n<!-- \/ Yoast SEO plugin. -->","yoast_head_json":{"title":"La m\u00e9diation animale au service des patients - Ecoute Cancer Reconfort","robots":{"index":"index","follow":"follow","max-snippet":"max-snippet:-1","max-image-preview":"max-image-preview:large","max-video-preview":"max-video-preview:-1"},"canonical":"https:\/\/ecoutecancerreconfort.org\/it\/nos-activites\/notre-espace-mieux-etre\/la-mediation-animale-au-service-des-patients\/","og_locale":"it_IT","og_type":"article","og_title":"La m\u00e9diation animale au service des patients - Ecoute Cancer Reconfort","og_description":"Choupette (crois\u00e9e bouledogue fran\u00e7ais) et Chaps (berger hollandais) sont depuis une dizaine d\u2019ann\u00e9es mascottes et assistantes b\u00e9n\u00e9voles \u00e0 l&#8217;Espace Mieux- \u00catre d&#8217;Ecoute Cancer R\u00e9confort. A l&#8217;instar des chiens d&#8217;assistance judiciaire pr\u00e9sents lors des auditions de victimes, Choupette et Chaps accompagnent et soutiennent moralement les malades. Le r\u00f4le des animaux Les bienfaits th\u00e9rapeutiques des animaux dans [&hellip;]","og_url":"https:\/\/ecoutecancerreconfort.org\/it\/nos-activites\/notre-espace-mieux-etre\/la-mediation-animale-au-service-des-patients\/","og_site_name":"Ecoute Cancer Reconfort","article_modified_time":"2022-10-09T15:05:03+00:00","og_image":[{"width":1240,"height":620,"url":"https:\/\/ecoutecancerreconfort.org\/wp-content\/uploads\/2022\/05\/mediatin.jpg","type":"image\/jpeg"}],"twitter_card":"summary_large_image","twitter_misc":{"Tempo di lettura stimato":"2 minuti"},"schema":{"@context":"https:\/\/schema.org","@graph":[{"@type":"WebPage","@id":"https:\/\/ecoutecancerreconfort.org\/it\/nos-activites\/notre-espace-mieux-etre\/la-mediation-animale-au-service-des-patients\/","url":"https:\/\/ecoutecancerreconfort.org\/it\/nos-activites\/notre-espace-mieux-etre\/la-mediation-animale-au-service-des-patients\/","name":"La m\u00e9diation animale au service des patients - Ecoute Cancer Reconfort","isPartOf":{"@id":"https:\/\/ecoutecancerreconfort.org\/it\/#website"},"primaryImageOfPage":{"@id":"https:\/\/ecoutecancerreconfort.org\/it\/nos-activites\/notre-espace-mieux-etre\/la-mediation-animale-au-service-des-patients\/#primaryimage"},"image":{"@id":"https:\/\/ecoutecancerreconfort.org\/it\/nos-activites\/notre-espace-mieux-etre\/la-mediation-animale-au-service-des-patients\/#primaryimage"},"thumbnailUrl":"https:\/\/ecoutecancerreconfort.org\/wp-content\/uploads\/2022\/05\/mediatin.jpg","datePublished":"2022-05-05T14:41:42+00:00","dateModified":"2022-10-09T15:05:03+00:00","breadcrumb":{"@id":"https:\/\/ecoutecancerreconfort.org\/it\/nos-activites\/notre-espace-mieux-etre\/la-mediation-animale-au-service-des-patients\/#breadcrumb"},"inLanguage":"it-IT","potentialAction":[{"@type":"ReadAction","target":["https:\/\/ecoutecancerreconfort.org\/it\/nos-activites\/notre-espace-mieux-etre\/la-mediation-animale-au-service-des-patients\/"]}]},{"@type":"ImageObject","inLanguage":"it-IT","@id":"https:\/\/ecoutecancerreconfort.org\/it\/nos-activites\/notre-espace-mieux-etre\/la-mediation-animale-au-service-des-patients\/#primaryimage","url":"https:\/\/ecoutecancerreconfort.org\/wp-content\/uploads\/2022\/05\/mediatin.jpg","contentUrl":"https:\/\/ecoutecancerreconfort.org\/wp-content\/uploads\/2022\/05\/mediatin.jpg","width":1240,"height":620},{"@type":"BreadcrumbList","@id":"https:\/\/ecoutecancerreconfort.org\/it\/nos-activites\/notre-espace-mieux-etre\/la-mediation-animale-au-service-des-patients\/#breadcrumb","itemListElement":[{"@type":"ListItem","position":1,"name":"Accueil","item":"https:\/\/ecoutecancerreconfort.org\/it\/"},{"@type":"ListItem","position":2,"name":"La Nostra Attivit\u00e0","item":"https:\/\/ecoutecancerreconfort.org\/it\/nos-activites\/"},{"@type":"ListItem","position":3,"name":"Nostro \u00ab\u00a0Espace Mieux Etre\u00a0\u00bb","item":"https:\/\/ecoutecancerreconfort.org\/it\/nos-activites\/notre-espace-mieux-etre\/"},{"@type":"ListItem","position":4,"name":"La m\u00e9diation animale au service des patients"}]},{"@type":"WebSite","@id":"https:\/\/ecoutecancerreconfort.org\/it\/#website","url":"https:\/\/ecoutecancerreconfort.org\/it\/","name":"Ecoute Cancer Reconfort","description":"","potentialAction":[{"@type":"SearchAction","target":{"@type":"EntryPoint","urlTemplate":"https:\/\/ecoutecancerreconfort.org\/it\/?s={search_term_string}"},"query-input":{"@type":"PropertyValueSpecification","valueRequired":true,"valueName":"search_term_string"}}],"inLanguage":"it-IT"}]}},"jetpack_sharing_enabled":true,"_links":{"self":[{"href":"https:\/\/ecoutecancerreconfort.org\/it\/wp-json\/wp\/v2\/pages\/5638","targetHints":{"allow":["GET"]}}],"collection":[{"href":"https:\/\/ecoutecancerreconfort.org\/it\/wp-json\/wp\/v2\/pages"}],"about":[{"href":"https:\/\/ecoutecancerreconfort.org\/it\/wp-json\/wp\/v2\/types\/page"}],"author":[{"embeddable":true,"href":"https:\/\/ecoutecancerreconfort.org\/it\/wp-json\/wp\/v2\/users\/1"}],"replies":[{"embeddable":true,"href":"https:\/\/ecoutecancerreconfort.org\/it\/wp-json\/wp\/v2\/comments?post=5638"}],"version-history":[{"count":5,"href":"https:\/\/ecoutecancerreconfort.org\/it\/wp-json\/wp\/v2\/pages\/5638\/revisions"}],"predecessor-version":[{"id":6489,"href":"https:\/\/ecoutecancerreconfort.org\/it\/wp-json\/wp\/v2\/pages\/5638\/revisions\/6489"}],"up":[{"embeddable":true,"href":"https:\/\/ecoutecancerreconfort.org\/it\/wp-json\/wp\/v2\/pages\/5598"}],"wp:featuredmedia":[{"embeddable":true,"href":"https:\/\/ecoutecancerreconfort.org\/it\/wp-json\/wp\/v2\/media\/6108"}],"wp:attachment":[{"href":"https:\/\/ecoutecancerreconfort.org\/it\/wp-json\/wp\/v2\/media?parent=5638"}],"curies":[{"name":"wp","href":"https:\/\/api.w.org\/{rel}","templated":true}]}}