{"id":5648,"date":"2022-05-05T16:49:35","date_gmt":"2022-05-05T14:49:35","guid":{"rendered":"https:\/\/http:\/\/ecoutecancerreconfort.org\/nos-activites\/charte-du-benevole-de-soutien\/"},"modified":"2022-05-05T17:03:18","modified_gmt":"2022-05-05T15:03:18","slug":"charte-du-benevole-de-soutien","status":"publish","type":"page","link":"https:\/\/ecoutecancerreconfort.org\/it\/nos-activites\/charte-du-benevole-de-soutien\/","title":{"rendered":"Carta del Volontario di Sostegno"},"content":{"rendered":"<p>CARTA DEL VOLONTARIO DI SOSTEGNO OSPEDALE DI MONACO<\/p>\n<p>Ospedale diurno : Dottor GARNIER (primario)<br \/>\nDottor STEFANELLI<br \/>\nDottor LESCAUT<br \/>\nMedicina interna : Dottor TAILLAN<\/p>\n<p>La visita volontaria \u00e8 un&#8217; attivit\u00e0 non professionale fondata su di un contratto tacito tra una persona che offre liberamente parte del tempo libero e la propria capacit\u00e0 di ascolto e una persona desiderosa di una presenza,di una relazione.<\/p>\n<p>L&#8217;associazione di volontari di sostegno \u00ab ECOUTE CANCER RECONFORT \u00bb s&#8217; impegna a :<\/p>\n<ul>\n<li>essere indulgente e lucida con se stessa e a conoscersi bene<\/li>\n<li>agire in collaborazione con la squadra curante, la famiglia e il paziente<\/li>\n<li>procedere nel rispetto delle convinzioni e opinioni altrui , non rappresentare alcun culto religioso<\/li>\n<li>non intervenire, n\u00e9 sul piano medico,n\u00e9 paramedico, n\u00e9 amministrativo. Ogni atto \u00e8 proibito<\/li>\n<li>rispettare la confidenzialit\u00e0 delle informazioni eventualmente ottenute riguardanti tanto l&#8217;ospedale e il personale quanto la persona stessa. Se un volontario di sostegno dovesse fornire informazioni riguardanti un malato o un&#8217; informazione estesa al reparto, verrebbe immediatamente escluso dalla squadra.<\/li>\n<li>non fare mai domande personali e rimanere discreto nei propri propositi.<\/li>\n<li>uscire immediatamente dalla camera all&#8217;arrivo del medico o di un infermiere<\/li>\n<li>creare un clima di fiducia e relax , mantenendo un atteggiamento tranquillo, sereno e neutrale<\/li>\n<li>lasciare il paziente esprimersi e non avere il monopolio della conversazione<\/li>\n<li>saper modulare la durata della visita per non affaticare il paziente<\/li>\n<li>non allacciare troppi legami affettivi, rimanere soltanto un volontario<\/li>\n<li>se un paziente desiderasse abbreviare la conversazione, essere capaci di allontanarsi senza considerare la situazione come una sconfitta personale<\/li>\n<li>la visita in binomio \u00e8 obbligatoria<\/li>\n<li>niente commenti tra volontari<\/li>\n<li>obbligo di partecipare alle diverse formazioni<\/li>\n<li>partecipare alle manifestazioni della convivialit\u00e0 associativa (collazioni, conferenze, gite, cene )<\/li>\n<li>aver terminato il proprio trattamento<\/li>\n<\/ul>\n<p>L&#8217; azione dei volontari di sostegno all&#8217;ospedale \u00e8 un&#8217;azione associativa, collettiva, organizzata da &#8220;ecr&#8221; la cui qualit\u00e0 \u00e8 garantita dagli impegni seguenti :<\/p>\n<ul>\n<li>L&#8217;associazione, firmataria della carta, \u00e8 garante dei volontari di cui \u00e8 mandataria<\/li>\n<\/ul>\n<ul>\n<li>L&#8217;associazione decide dell&#8217;inizio delle visite<\/li>\n<li>Da ai suoi mandatari una sensibilit\u00e0 adatta e una formazione psicologica continua<\/li>\n<li>Assicura la coerenza e l&#8217;inquadramento delle squadre<\/li>\n<\/ul>\n<ul>\n<li>Assicura regolarit\u00e0 e continuit\u00e0 nell&#8217;ambito dell&#8217;impegno previsto<\/li>\n<\/ul>\n<p><strong>IL NON RISPETTO DI UNO DEI PUNTI DI QUESTA CARTA SIGNIFICA L&#8217; ESCLUSIONE IMMEDIATA.<\/strong><\/p>\n<blockquote><p>\u00ab Il malato ha diritto alla protezione della propria vita privata \u00bb<\/p><\/blockquote>\n","protected":false},"excerpt":{"rendered":"<p>CARTA DEL VOLONTARIO DI SOSTEGNO OSPEDALE DI MONACO Ospedale diurno : Dottor GARNIER (primario) Dottor STEFANELLI Dottor LESCAUT Medicina interna : Dottor TAILLAN La visita volontaria \u00e8 un&#8217; attivit\u00e0 non professionale fondata su di un contratto tacito tra una persona che offre liberamente parte del tempo libero e la propria capacit\u00e0 di ascolto e una [&hellip;]<\/p>\n","protected":false},"author":1,"featured_media":4258,"parent":3997,"menu_order":55,"comment_status":"closed","ping_status":"closed","template":"","meta":{"_acf_changed":false,"footnotes":""},"class_list":["post-5648","page","type-page","status-publish","has-post-thumbnail","hentry"],"acf":[],"yoast_head":"<!-- This site is optimized with the Yoast SEO plugin v27.0 - https:\/\/yoast.com\/product\/yoast-seo-wordpress\/ -->\n<title>Carta del Volontario di Sostegno - Ecoute Cancer Reconfort<\/title>\n<meta name=\"robots\" content=\"index, follow, max-snippet:-1, max-image-preview:large, max-video-preview:-1\" \/>\n<link rel=\"canonical\" href=\"https:\/\/ecoutecancerreconfort.org\/it\/nos-activites\/charte-du-benevole-de-soutien\/\" \/>\n<meta property=\"og:locale\" content=\"it_IT\" \/>\n<meta property=\"og:type\" content=\"article\" \/>\n<meta property=\"og:title\" content=\"Carta del Volontario di Sostegno - Ecoute Cancer Reconfort\" \/>\n<meta property=\"og:description\" content=\"CARTA DEL VOLONTARIO DI SOSTEGNO OSPEDALE DI MONACO Ospedale diurno : Dottor GARNIER (primario) Dottor STEFANELLI Dottor LESCAUT Medicina interna : Dottor TAILLAN La visita volontaria \u00e8 un&#8217; attivit\u00e0 non professionale fondata su di un contratto tacito tra una persona che offre liberamente parte del tempo libero e la propria capacit\u00e0 di ascolto e una [&hellip;]\" \/>\n<meta property=\"og:url\" content=\"https:\/\/ecoutecancerreconfort.org\/it\/nos-activites\/charte-du-benevole-de-soutien\/\" \/>\n<meta property=\"og:site_name\" content=\"Ecoute Cancer Reconfort\" \/>\n<meta property=\"article:modified_time\" content=\"2022-05-05T15:03:18+00:00\" \/>\n<meta property=\"og:image\" content=\"https:\/\/ecoutecancerreconfort.org\/wp-content\/uploads\/2014\/02\/pexels-mikhail-nilov-8244674-scaled.jpg\" \/>\n\t<meta property=\"og:image:width\" content=\"1709\" \/>\n\t<meta property=\"og:image:height\" content=\"2560\" \/>\n\t<meta property=\"og:image:type\" content=\"image\/jpeg\" \/>\n<meta name=\"twitter:card\" content=\"summary_large_image\" \/>\n<meta name=\"twitter:label1\" content=\"Tempo di lettura stimato\" \/>\n\t<meta name=\"twitter:data1\" content=\"2 minuti\" \/>\n<script type=\"application\/ld+json\" class=\"yoast-schema-graph\">{\"@context\":\"https:\/\/schema.org\",\"@graph\":[{\"@type\":\"WebPage\",\"@id\":\"https:\/\/ecoutecancerreconfort.org\/it\/nos-activites\/charte-du-benevole-de-soutien\/\",\"url\":\"https:\/\/ecoutecancerreconfort.org\/it\/nos-activites\/charte-du-benevole-de-soutien\/\",\"name\":\"Carta del Volontario di Sostegno - Ecoute Cancer Reconfort\",\"isPartOf\":{\"@id\":\"https:\/\/ecoutecancerreconfort.org\/it\/#website\"},\"primaryImageOfPage\":{\"@id\":\"https:\/\/ecoutecancerreconfort.org\/it\/nos-activites\/charte-du-benevole-de-soutien\/#primaryimage\"},\"image\":{\"@id\":\"https:\/\/ecoutecancerreconfort.org\/it\/nos-activites\/charte-du-benevole-de-soutien\/#primaryimage\"},\"thumbnailUrl\":\"https:\/\/ecoutecancerreconfort.org\/wp-content\/uploads\/2014\/02\/pexels-mikhail-nilov-8244674-scaled.jpg\",\"datePublished\":\"2022-05-05T14:49:35+00:00\",\"dateModified\":\"2022-05-05T15:03:18+00:00\",\"breadcrumb\":{\"@id\":\"https:\/\/ecoutecancerreconfort.org\/it\/nos-activites\/charte-du-benevole-de-soutien\/#breadcrumb\"},\"inLanguage\":\"it-IT\",\"potentialAction\":[{\"@type\":\"ReadAction\",\"target\":[\"https:\/\/ecoutecancerreconfort.org\/it\/nos-activites\/charte-du-benevole-de-soutien\/\"]}]},{\"@type\":\"ImageObject\",\"inLanguage\":\"it-IT\",\"@id\":\"https:\/\/ecoutecancerreconfort.org\/it\/nos-activites\/charte-du-benevole-de-soutien\/#primaryimage\",\"url\":\"https:\/\/ecoutecancerreconfort.org\/wp-content\/uploads\/2014\/02\/pexels-mikhail-nilov-8244674-scaled.jpg\",\"contentUrl\":\"https:\/\/ecoutecancerreconfort.org\/wp-content\/uploads\/2014\/02\/pexels-mikhail-nilov-8244674-scaled.jpg\",\"width\":1709,\"height\":2560},{\"@type\":\"BreadcrumbList\",\"@id\":\"https:\/\/ecoutecancerreconfort.org\/it\/nos-activites\/charte-du-benevole-de-soutien\/#breadcrumb\",\"itemListElement\":[{\"@type\":\"ListItem\",\"position\":1,\"name\":\"Accueil\",\"item\":\"https:\/\/ecoutecancerreconfort.org\/it\/\"},{\"@type\":\"ListItem\",\"position\":2,\"name\":\"La Nostra Attivit\u00e0\",\"item\":\"https:\/\/ecoutecancerreconfort.org\/it\/nos-activites\/\"},{\"@type\":\"ListItem\",\"position\":3,\"name\":\"Carta del Volontario di Sostegno\"}]},{\"@type\":\"WebSite\",\"@id\":\"https:\/\/ecoutecancerreconfort.org\/it\/#website\",\"url\":\"https:\/\/ecoutecancerreconfort.org\/it\/\",\"name\":\"Ecoute Cancer Reconfort\",\"description\":\"\",\"potentialAction\":[{\"@type\":\"SearchAction\",\"target\":{\"@type\":\"EntryPoint\",\"urlTemplate\":\"https:\/\/ecoutecancerreconfort.org\/it\/?s={search_term_string}\"},\"query-input\":{\"@type\":\"PropertyValueSpecification\",\"valueRequired\":true,\"valueName\":\"search_term_string\"}}],\"inLanguage\":\"it-IT\"}]}<\/script>\n<!-- \/ Yoast SEO plugin. -->","yoast_head_json":{"title":"Carta del Volontario di Sostegno - Ecoute Cancer Reconfort","robots":{"index":"index","follow":"follow","max-snippet":"max-snippet:-1","max-image-preview":"max-image-preview:large","max-video-preview":"max-video-preview:-1"},"canonical":"https:\/\/ecoutecancerreconfort.org\/it\/nos-activites\/charte-du-benevole-de-soutien\/","og_locale":"it_IT","og_type":"article","og_title":"Carta del Volontario di Sostegno - Ecoute Cancer Reconfort","og_description":"CARTA DEL VOLONTARIO DI SOSTEGNO OSPEDALE DI MONACO Ospedale diurno : Dottor GARNIER (primario) Dottor STEFANELLI Dottor LESCAUT Medicina interna : Dottor TAILLAN La visita volontaria \u00e8 un&#8217; attivit\u00e0 non professionale fondata su di un contratto tacito tra una persona che offre liberamente parte del tempo libero e la propria capacit\u00e0 di ascolto e una [&hellip;]","og_url":"https:\/\/ecoutecancerreconfort.org\/it\/nos-activites\/charte-du-benevole-de-soutien\/","og_site_name":"Ecoute Cancer Reconfort","article_modified_time":"2022-05-05T15:03:18+00:00","og_image":[{"width":1709,"height":2560,"url":"https:\/\/ecoutecancerreconfort.org\/wp-content\/uploads\/2014\/02\/pexels-mikhail-nilov-8244674-scaled.jpg","type":"image\/jpeg"}],"twitter_card":"summary_large_image","twitter_misc":{"Tempo di lettura stimato":"2 minuti"},"schema":{"@context":"https:\/\/schema.org","@graph":[{"@type":"WebPage","@id":"https:\/\/ecoutecancerreconfort.org\/it\/nos-activites\/charte-du-benevole-de-soutien\/","url":"https:\/\/ecoutecancerreconfort.org\/it\/nos-activites\/charte-du-benevole-de-soutien\/","name":"Carta del Volontario di Sostegno - Ecoute Cancer Reconfort","isPartOf":{"@id":"https:\/\/ecoutecancerreconfort.org\/it\/#website"},"primaryImageOfPage":{"@id":"https:\/\/ecoutecancerreconfort.org\/it\/nos-activites\/charte-du-benevole-de-soutien\/#primaryimage"},"image":{"@id":"https:\/\/ecoutecancerreconfort.org\/it\/nos-activites\/charte-du-benevole-de-soutien\/#primaryimage"},"thumbnailUrl":"https:\/\/ecoutecancerreconfort.org\/wp-content\/uploads\/2014\/02\/pexels-mikhail-nilov-8244674-scaled.jpg","datePublished":"2022-05-05T14:49:35+00:00","dateModified":"2022-05-05T15:03:18+00:00","breadcrumb":{"@id":"https:\/\/ecoutecancerreconfort.org\/it\/nos-activites\/charte-du-benevole-de-soutien\/#breadcrumb"},"inLanguage":"it-IT","potentialAction":[{"@type":"ReadAction","target":["https:\/\/ecoutecancerreconfort.org\/it\/nos-activites\/charte-du-benevole-de-soutien\/"]}]},{"@type":"ImageObject","inLanguage":"it-IT","@id":"https:\/\/ecoutecancerreconfort.org\/it\/nos-activites\/charte-du-benevole-de-soutien\/#primaryimage","url":"https:\/\/ecoutecancerreconfort.org\/wp-content\/uploads\/2014\/02\/pexels-mikhail-nilov-8244674-scaled.jpg","contentUrl":"https:\/\/ecoutecancerreconfort.org\/wp-content\/uploads\/2014\/02\/pexels-mikhail-nilov-8244674-scaled.jpg","width":1709,"height":2560},{"@type":"BreadcrumbList","@id":"https:\/\/ecoutecancerreconfort.org\/it\/nos-activites\/charte-du-benevole-de-soutien\/#breadcrumb","itemListElement":[{"@type":"ListItem","position":1,"name":"Accueil","item":"https:\/\/ecoutecancerreconfort.org\/it\/"},{"@type":"ListItem","position":2,"name":"La Nostra Attivit\u00e0","item":"https:\/\/ecoutecancerreconfort.org\/it\/nos-activites\/"},{"@type":"ListItem","position":3,"name":"Carta del Volontario di Sostegno"}]},{"@type":"WebSite","@id":"https:\/\/ecoutecancerreconfort.org\/it\/#website","url":"https:\/\/ecoutecancerreconfort.org\/it\/","name":"Ecoute Cancer Reconfort","description":"","potentialAction":[{"@type":"SearchAction","target":{"@type":"EntryPoint","urlTemplate":"https:\/\/ecoutecancerreconfort.org\/it\/?s={search_term_string}"},"query-input":{"@type":"PropertyValueSpecification","valueRequired":true,"valueName":"search_term_string"}}],"inLanguage":"it-IT"}]}},"jetpack_sharing_enabled":true,"_links":{"self":[{"href":"https:\/\/ecoutecancerreconfort.org\/it\/wp-json\/wp\/v2\/pages\/5648","targetHints":{"allow":["GET"]}}],"collection":[{"href":"https:\/\/ecoutecancerreconfort.org\/it\/wp-json\/wp\/v2\/pages"}],"about":[{"href":"https:\/\/ecoutecancerreconfort.org\/it\/wp-json\/wp\/v2\/types\/page"}],"author":[{"embeddable":true,"href":"https:\/\/ecoutecancerreconfort.org\/it\/wp-json\/wp\/v2\/users\/1"}],"replies":[{"embeddable":true,"href":"https:\/\/ecoutecancerreconfort.org\/it\/wp-json\/wp\/v2\/comments?post=5648"}],"version-history":[{"count":3,"href":"https:\/\/ecoutecancerreconfort.org\/it\/wp-json\/wp\/v2\/pages\/5648\/revisions"}],"predecessor-version":[{"id":5665,"href":"https:\/\/ecoutecancerreconfort.org\/it\/wp-json\/wp\/v2\/pages\/5648\/revisions\/5665"}],"up":[{"embeddable":true,"href":"https:\/\/ecoutecancerreconfort.org\/it\/wp-json\/wp\/v2\/pages\/3997"}],"wp:featuredmedia":[{"embeddable":true,"href":"https:\/\/ecoutecancerreconfort.org\/it\/wp-json\/wp\/v2\/media\/4258"}],"wp:attachment":[{"href":"https:\/\/ecoutecancerreconfort.org\/it\/wp-json\/wp\/v2\/media?parent=5648"}],"curies":[{"name":"wp","href":"https:\/\/api.w.org\/{rel}","templated":true}]}}